{"id":1128,"date":"2020-01-27T11:14:27","date_gmt":"2020-01-27T09:14:27","guid":{"rendered":"https:\/\/afss.psdev.lv\/kapec-izveleties-mus\/"},"modified":"2020-01-28T11:16:05","modified_gmt":"2020-01-28T09:16:05","slug":"why-choose-us","status":"publish","type":"page","link":"https:\/\/afss.lv\/en\/why-choose-us\/","title":{"rendered":"Why choose us?"},"content":{"rendered":"<ul>\n<li>We work with high quality professional equipment made in Finland<\/li>\n<li>Our technicians have been trained by the equipment manufacturer and have issued training certificates<\/li>\n<li>We will do the work at your convenience<\/li>\n<li>We do our job carefully and responsibly<\/li>\n<\/ul>\n<h2>Gallery of various services and events that characterize our company<\/h2>\n<div class=\"wysiwyg-gallery d-flex flex-wrap\"><div class=\"single-gallery-element\"><a href=\"\" data-toggle=\"modal\" data-target=\"#galleryImages0\" data-counter=\"1\" class=\"slider-image-link\"><img src=\"https:\/\/afss.lv\/wp-content\/uploads\/2020\/01\/gallery1-min.jpg\" class=\"gallery-image absolute-cover-img\" alt=\"AFSS logo\" title=\"AFSS logo\"><\/a><\/div><div class=\"single-gallery-element\"><a href=\"\" data-toggle=\"modal\" data-target=\"#galleryImages0\" data-counter=\"2\" class=\"slider-image-link\"><img src=\"https:\/\/afss.lv\/wp-content\/uploads\/2020\/01\/gallery3-min.jpg\" class=\"gallery-image absolute-cover-img\" alt=\"kr\u0101ns\" title=\"kr\u0101ns\"><\/a><\/div><div class=\"single-gallery-element\"><a href=\"\" data-toggle=\"modal\" data-target=\"#galleryImages0\" data-counter=\"3\" class=\"slider-image-link\"><img src=\"https:\/\/afss.lv\/wp-content\/uploads\/2020\/01\/gallery4-min.jpg\" class=\"gallery-image absolute-cover-img\" alt=\"V\u0101rsts\" title=\"V\u0101rsts\"><\/a><\/div><div class=\"single-gallery-element\"><a href=\"\" data-toggle=\"modal\" data-target=\"#galleryImages0\" data-counter=\"4\" class=\"slider-image-link\"><img src=\"https:\/\/afss.lv\/wp-content\/uploads\/2020\/01\/gallery6-min.jpg\" class=\"gallery-image absolute-cover-img\" alt=\"gaisa vadi\" title=\"gaisa vadi\"><\/a><\/div><div class=\"single-gallery-element\"><a href=\"\" data-toggle=\"modal\" data-target=\"#galleryImages0\" data-counter=\"5\" class=\"slider-image-link\"><img src=\"https:\/\/afss.lv\/wp-content\/uploads\/2020\/01\/gallery7-min.jpg\" class=\"gallery-image absolute-cover-img\" alt=\"\u0100pzi\u0146o\u0161anas sist\u0113ma\" title=\"\u0100pzi\u0146o\u0161anas sist\u0113ma\"><\/a><\/div><div class=\"single-gallery-element\"><a href=\"\" data-toggle=\"modal\" data-target=\"#galleryImages0\" data-counter=\"6\" class=\"slider-image-link\"><img src=\"https:\/\/afss.lv\/wp-content\/uploads\/2020\/01\/gallery8-min.jpg\" class=\"gallery-image absolute-cover-img\" alt=\"Evaki\u0101cijas apm\u0101c\u012bbas\" title=\"Evaki\u0101cijas apm\u0101c\u012bbas\"><\/a><\/div><div class=\"single-gallery-element\"><a href=\"\" data-toggle=\"modal\" data-target=\"#galleryImages0\" data-counter=\"7\" class=\"slider-image-link\"><img src=\"https:\/\/afss.lv\/wp-content\/uploads\/2020\/01\/service-single-min-768x576.jpg\" class=\"gallery-image absolute-cover-img\" alt=\"\" title=\"\"><\/a><\/div><\/div><div class=\"image-modal-window\"><div class=\"modal\" id=\"galleryImages0\" tabindex=\"-1\"><div class=\"modal-dialog\"><div class=\"modal-content\"><div id=\"imagesSlider0\" class=\"carousel slide\" data-ride=\"carousel\"><div class=\"carousel-inner\"><div class=\"carousel-item active\" data-counter=\"1\"><div class=\"align-modal-helper\"><img src=\"https:\/\/afss.lv\/wp-content\/uploads\/2020\/01\/gallery1-min.jpg\" alt=\"AFSS logo\" title=\"AFSS logo\"><\/div><\/div><div class=\"carousel-item \" data-counter=\"2\"><div class=\"align-modal-helper\"><img src=\"https:\/\/afss.lv\/wp-content\/uploads\/2020\/01\/gallery3-min.jpg\" alt=\"kr\u0101ns\" title=\"kr\u0101ns\"><\/div><\/div><div class=\"carousel-item \" data-counter=\"3\"><div class=\"align-modal-helper\"><img src=\"https:\/\/afss.lv\/wp-content\/uploads\/2020\/01\/gallery4-min.jpg\" alt=\"V\u0101rsts\" title=\"V\u0101rsts\"><\/div><\/div><div class=\"carousel-item \" data-counter=\"4\"><div class=\"align-modal-helper\"><img src=\"https:\/\/afss.lv\/wp-content\/uploads\/2020\/01\/gallery6-min.jpg\" alt=\"gaisa vadi\" title=\"gaisa vadi\"><\/div><\/div><div class=\"carousel-item \" data-counter=\"5\"><div class=\"align-modal-helper\"><img src=\"https:\/\/afss.lv\/wp-content\/uploads\/2020\/01\/gallery7-min.jpg\" alt=\"\u0100pzi\u0146o\u0161anas sist\u0113ma\" title=\"\u0100pzi\u0146o\u0161anas sist\u0113ma\"><\/div><\/div><div class=\"carousel-item \" data-counter=\"6\"><div class=\"align-modal-helper\"><img src=\"https:\/\/afss.lv\/wp-content\/uploads\/2020\/01\/gallery8-min.jpg\" alt=\"Evaki\u0101cijas apm\u0101c\u012bbas\" title=\"Evaki\u0101cijas apm\u0101c\u012bbas\"><\/div><\/div><div class=\"carousel-item \" data-counter=\"7\"><div class=\"align-modal-helper\"><img src=\"https:\/\/afss.lv\/wp-content\/uploads\/2020\/01\/service-single-min.jpg\" alt=\"\" title=\"\"><\/div><\/div><\/div><\/div><\/div><\/div><a class=\"carousel-control-prev\" href=\"#imagesSlider0\" role=\"button\" data-slide=\"prev\"><i class=\"fas fa-arrow-left\"><\/i><\/a><a class=\"carousel-control-next\" href=\"#imagesSlider0\" role=\"button\" data-slide=\"next\"><i class=\"fas fa-arrow-right\"><\/i><\/a><button class=\"modal-cross\" data-dismiss=\"modal\"><i class=\"fas fa-times\"><\/i><\/button><\/div><\/div>\n<div class=\"subscribe-wrapper\">\n\t<a href=\"\" class=\"d-flex flex-wrap justify-content-between w-100 h-100\" data-toggle=\"modal\" data-target=\"#subscribeModal\">\n\t\t<div class=\"main-part d-flex align-items-center\">\n\t\t\t<div class=\"main-part-image d-flex justify-content-center align-items-center\">\n\t\t\t\t<img src=\"https:\/\/afss.lv\/wp-content\/themes\/affs\/images\/plane.svg\" alt=\"plane\" title=\"plane\" class=\"position-relative\">\n\t\t\t<\/div>\n            \t\t\t\t<div class=\"main-part-text\">Want to receive updates on your email with really useful information on fire safety and more?<\/div>\n            \t\t<\/div>\n\t\t<div class=\"button-part d-flex align-items-center\">\n            \t\t\t\t<div class=\"button-part-text\">Click here<\/div>\n            \t\t\t<div class=\"button-part-image d-flex justify-content-center align-items-center\">\n\t\t\t\t<img src=\"https:\/\/afss.lv\/wp-content\/themes\/affs\/images\/arrow.svg\" alt=\"arrow\" title=\"arrow\">\n\t\t\t<\/div>\n\t\t<\/div>\n\t<\/a>\n<\/div>\n<div class=\"image-modal-window subscribe-modal-window\">\n\t<div class=\"modal\" id=\"subscribeModal\" tabindex=\"-1\">\n\t\t<div class=\"modal-dialog\">\n\t\t\t<div class=\"modal-content\">\n\t\t\t\t<div class=\"modal-subscribe-wrapper\">\n\t\t\t\t\t<form action=\"\" method=\"post\" id=\"subscribe-form\">\n\t\t\t\t\t\t<div class=\"single-input-wrapper\">\n\t\t\t\t\t\t\t<div class=\"input-title email-title\">E-mail address *<\/div>\n\t\t\t\t\t\t\t<div class=\"input-wrapper\">\n\t\t\t\t\t\t\t\t<input type=\"text\" class=\"email-input w-100\" name=\"form-email\">\n\t\t\t\t\t\t\t<\/div>\n\t\t\t\t\t\t<\/div>\n\t\t\t\t\t\t<div class=\"submit-button d-flex align-items-center w-100\">\n\t\t\t\t\t\t\t<button type=\"submit\" class=\"text-uppercase position-relative\">\n                                Apply for\t\t\t\t\t\t\t\t<img src=\"https:\/\/afss.lv\/wp-content\/themes\/affs\/images\/right-arrow-white.svg\" alt=\"arrow\" title=\"arrow\" class=\"arrow-submit\">\n\t\t\t\t\t\t\t\t<img src=\"https:\/\/afss.lv\/wp-content\/themes\/affs\/images\/preloader.png\" class=\"preloader position-absolute\" alt=\"preloader\" title=\"preloader\">\n\t\t\t\t\t\t\t<\/button>\n\t\t\t\t\t\t<\/div>\n\t\t\t\t\t<\/form>\n\t\t\t\t\t<!-- SUCCESS MESSAGE -->\n\t\t\t\t\t<div class=\"success-submit-wrapper\" style=\"display: none;\">\n\t\t\t\t\t\t<div class=\"success-image\">\n\t\t\t\t\t\t\t<img src=\"https:\/\/afss.lv\/wp-content\/themes\/affs\/images\/success-image.png\" alt=\"success\" title=\"success\">\n\t\t\t\t\t\t<\/div>\n                        \t\t\t\t\t\t\t<div class=\"success-title\">Thank you!<\/div>\n                        \t\t\t\t\t\t\t<div class=\"success-subtext\">You are signed up for news!<\/div>\n                        \t\t\t\t\t<\/div>\n\t\t\t\t\t<!-- END SUCCESS MESSAGE -->\n\t\t\t\t<\/div>\n\t\t\t<\/div>\n\t\t<\/div>\n\t\t<button class=\"modal-cross\" data-dismiss=\"modal\"><i class=\"fas fa-times\"><\/i><\/button>\n\t<\/div>\n<\/div>\n","protected":false},"excerpt":{"rendered":"<p>We work with high quality professional equipment made in Finland Our technicians have been trained by the equipment manufacturer and have issued training certificates We will do the work at your convenience We do our job carefully and responsibly Gallery of various services and events that characterize our company<\/p>\n","protected":false},"author":1,"featured_media":0,"parent":0,"menu_order":0,"comment_status":"closed","ping_status":"closed","template":"","meta":[],"acf":[],"yoast_head":"<!-- This site is optimized with the Yoast SEO plugin v19.13 - https:\/\/yoast.com\/wordpress\/plugins\/seo\/ -->\n<title>Why choose us? - Ugunsdro\u0161\u012bbas signaliz\u0101ciju\/ier\u012b\u010du apkalpo\u0161ana<\/title>\n<meta name=\"robots\" content=\"index, follow, max-snippet:-1, max-image-preview:large, max-video-preview:-1\" \/>\n<link rel=\"canonical\" href=\"https:\/\/afss.lv\/en\/why-choose-us\/\" \/>\n<meta property=\"og:locale\" content=\"en_US\" \/>\n<meta property=\"og:type\" content=\"article\" \/>\n<meta property=\"og:title\" content=\"Why choose us? - Ugunsdro\u0161\u012bbas signaliz\u0101ciju\/ier\u012b\u010du apkalpo\u0161ana\" \/>\n<meta property=\"og:description\" content=\"We work with high quality professional equipment made in Finland Our technicians have been trained by the equipment manufacturer and have issued training certificates We will do the work at your convenience We do our job carefully and responsibly Gallery of various services and events that characterize our company\" \/>\n<meta property=\"og:url\" content=\"https:\/\/afss.lv\/en\/why-choose-us\/\" \/>\n<meta property=\"og:site_name\" content=\"Ugunsdro\u0161\u012bbas signaliz\u0101ciju\/ier\u012b\u010du apkalpo\u0161ana\" \/>\n<meta property=\"article:publisher\" content=\"https:\/\/www.facebook.com\/ugunsdrosibaafss\/\" \/>\n<meta property=\"article:modified_time\" content=\"2020-01-28T09:16:05+00:00\" \/>\n<meta property=\"og:image\" content=\"https:\/\/afss.lv\/wp-content\/uploads\/2020\/01\/gallery1-min.jpg\" \/>\n<meta name=\"twitter:card\" content=\"summary_large_image\" \/>\n<script type=\"application\/ld+json\" class=\"yoast-schema-graph\">{\"@context\":\"https:\/\/schema.org\",\"@graph\":[{\"@type\":\"WebPage\",\"@id\":\"https:\/\/afss.lv\/en\/why-choose-us\/\",\"url\":\"https:\/\/afss.lv\/en\/why-choose-us\/\",\"name\":\"Why choose us? - Ugunsdro\u0161\u012bbas signaliz\u0101ciju\/ier\u012b\u010du apkalpo\u0161ana\",\"isPartOf\":{\"@id\":\"https:\/\/afss.lv\/#website\"},\"datePublished\":\"2020-01-27T09:14:27+00:00\",\"dateModified\":\"2020-01-28T09:16:05+00:00\",\"breadcrumb\":{\"@id\":\"https:\/\/afss.lv\/en\/why-choose-us\/#breadcrumb\"},\"inLanguage\":\"en-US\",\"potentialAction\":[{\"@type\":\"ReadAction\",\"target\":[\"https:\/\/afss.lv\/en\/why-choose-us\/\"]}]},{\"@type\":\"BreadcrumbList\",\"@id\":\"https:\/\/afss.lv\/en\/why-choose-us\/#breadcrumb\",\"itemListElement\":[{\"@type\":\"ListItem\",\"position\":1,\"name\":\"Home\",\"item\":\"https:\/\/afss.lv\/en\/\"},{\"@type\":\"ListItem\",\"position\":2,\"name\":\"Why choose us?\"}]},{\"@type\":\"WebSite\",\"@id\":\"https:\/\/afss.lv\/#website\",\"url\":\"https:\/\/afss.lv\/\",\"name\":\"Ugunsdro\u0161\u012bbas signaliz\u0101ciju\/ier\u012b\u010du apkalpo\u0161ana\",\"description\":\"Ugunsdz\u0113s\u012bbas sist\u0113mu apkalpo\u0161ana\",\"publisher\":{\"@id\":\"https:\/\/afss.lv\/#organization\"},\"potentialAction\":[{\"@type\":\"SearchAction\",\"target\":{\"@type\":\"EntryPoint\",\"urlTemplate\":\"https:\/\/afss.lv\/?s={search_term_string}\"},\"query-input\":\"required name=search_term_string\"}],\"inLanguage\":\"en-US\"},{\"@type\":\"Organization\",\"@id\":\"https:\/\/afss.lv\/#organization\",\"name\":\"SIA \u201eAFSS\u201d\",\"url\":\"https:\/\/afss.lv\/\",\"logo\":{\"@type\":\"ImageObject\",\"inLanguage\":\"en-US\",\"@id\":\"https:\/\/afss.lv\/#\/schema\/logo\/image\/\",\"url\":\"https:\/\/afss.lv\/wp-content\/uploads\/2020\/02\/logo.png\",\"contentUrl\":\"https:\/\/afss.lv\/wp-content\/uploads\/2020\/02\/logo.png\",\"width\":170,\"height\":67,\"caption\":\"SIA \u201eAFSS\u201d\"},\"image\":{\"@id\":\"https:\/\/afss.lv\/#\/schema\/logo\/image\/\"},\"sameAs\":[\"https:\/\/www.facebook.com\/ugunsdrosibaafss\/\"]}]}<\/script>\n<!-- \/ Yoast SEO plugin. -->","yoast_head_json":{"title":"Why choose us? - Ugunsdro\u0161\u012bbas signaliz\u0101ciju\/ier\u012b\u010du apkalpo\u0161ana","robots":{"index":"index","follow":"follow","max-snippet":"max-snippet:-1","max-image-preview":"max-image-preview:large","max-video-preview":"max-video-preview:-1"},"canonical":"https:\/\/afss.lv\/en\/why-choose-us\/","og_locale":"en_US","og_type":"article","og_title":"Why choose us? - Ugunsdro\u0161\u012bbas signaliz\u0101ciju\/ier\u012b\u010du apkalpo\u0161ana","og_description":"We work with high quality professional equipment made in Finland Our technicians have been trained by the equipment manufacturer and have issued training certificates We will do the work at your convenience We do our job carefully and responsibly Gallery of various services and events that characterize our company","og_url":"https:\/\/afss.lv\/en\/why-choose-us\/","og_site_name":"Ugunsdro\u0161\u012bbas signaliz\u0101ciju\/ier\u012b\u010du apkalpo\u0161ana","article_publisher":"https:\/\/www.facebook.com\/ugunsdrosibaafss\/","article_modified_time":"2020-01-28T09:16:05+00:00","og_image":[{"url":"https:\/\/afss.lv\/wp-content\/uploads\/2020\/01\/gallery1-min.jpg"}],"twitter_card":"summary_large_image","schema":{"@context":"https:\/\/schema.org","@graph":[{"@type":"WebPage","@id":"https:\/\/afss.lv\/en\/why-choose-us\/","url":"https:\/\/afss.lv\/en\/why-choose-us\/","name":"Why choose us? - Ugunsdro\u0161\u012bbas signaliz\u0101ciju\/ier\u012b\u010du apkalpo\u0161ana","isPartOf":{"@id":"https:\/\/afss.lv\/#website"},"datePublished":"2020-01-27T09:14:27+00:00","dateModified":"2020-01-28T09:16:05+00:00","breadcrumb":{"@id":"https:\/\/afss.lv\/en\/why-choose-us\/#breadcrumb"},"inLanguage":"en-US","potentialAction":[{"@type":"ReadAction","target":["https:\/\/afss.lv\/en\/why-choose-us\/"]}]},{"@type":"BreadcrumbList","@id":"https:\/\/afss.lv\/en\/why-choose-us\/#breadcrumb","itemListElement":[{"@type":"ListItem","position":1,"name":"Home","item":"https:\/\/afss.lv\/en\/"},{"@type":"ListItem","position":2,"name":"Why choose us?"}]},{"@type":"WebSite","@id":"https:\/\/afss.lv\/#website","url":"https:\/\/afss.lv\/","name":"Ugunsdro\u0161\u012bbas signaliz\u0101ciju\/ier\u012b\u010du apkalpo\u0161ana","description":"Ugunsdz\u0113s\u012bbas sist\u0113mu apkalpo\u0161ana","publisher":{"@id":"https:\/\/afss.lv\/#organization"},"potentialAction":[{"@type":"SearchAction","target":{"@type":"EntryPoint","urlTemplate":"https:\/\/afss.lv\/?s={search_term_string}"},"query-input":"required name=search_term_string"}],"inLanguage":"en-US"},{"@type":"Organization","@id":"https:\/\/afss.lv\/#organization","name":"SIA \u201eAFSS\u201d","url":"https:\/\/afss.lv\/","logo":{"@type":"ImageObject","inLanguage":"en-US","@id":"https:\/\/afss.lv\/#\/schema\/logo\/image\/","url":"https:\/\/afss.lv\/wp-content\/uploads\/2020\/02\/logo.png","contentUrl":"https:\/\/afss.lv\/wp-content\/uploads\/2020\/02\/logo.png","width":170,"height":67,"caption":"SIA \u201eAFSS\u201d"},"image":{"@id":"https:\/\/afss.lv\/#\/schema\/logo\/image\/"},"sameAs":["https:\/\/www.facebook.com\/ugunsdrosibaafss\/"]}]}},"_links":{"self":[{"href":"https:\/\/afss.lv\/en\/wp-json\/wp\/v2\/pages\/1128"}],"collection":[{"href":"https:\/\/afss.lv\/en\/wp-json\/wp\/v2\/pages"}],"about":[{"href":"https:\/\/afss.lv\/en\/wp-json\/wp\/v2\/types\/page"}],"author":[{"embeddable":true,"href":"https:\/\/afss.lv\/en\/wp-json\/wp\/v2\/users\/1"}],"replies":[{"embeddable":true,"href":"https:\/\/afss.lv\/en\/wp-json\/wp\/v2\/comments?post=1128"}],"version-history":[{"count":2,"href":"https:\/\/afss.lv\/en\/wp-json\/wp\/v2\/pages\/1128\/revisions"}],"predecessor-version":[{"id":1130,"href":"https:\/\/afss.lv\/en\/wp-json\/wp\/v2\/pages\/1128\/revisions\/1130"}],"wp:attachment":[{"href":"https:\/\/afss.lv\/en\/wp-json\/wp\/v2\/media?parent=1128"}],"curies":[{"name":"wp","href":"https:\/\/api.w.org\/{rel}","templated":true}]}}