{"id":1131,"date":"2020-01-27T11:13:44","date_gmt":"2020-01-27T09:13:44","guid":{"rendered":"https:\/\/afss.psdev.lv\/par-mums\/"},"modified":"2020-02-12T10:52:52","modified_gmt":"2020-02-12T08:52:52","slug":"about-us","status":"publish","type":"page","link":"https:\/\/afss.lv\/en\/about-us\/","title":{"rendered":"About us"},"content":{"rendered":"<h2>Your fire safety starts here:<\/h2>\n<p>We started our professional activities in 2011, we cooperate with large and small businesses in different sectors and provide services throughout Latvia.<br \/>\nA responsible, fair and professional approach to high-quality work is our daily life. We are able to develop the optimal fire safety solution according to the type of business of your company.<\/p>\n<p>We offer to develop a complete set of fire protection measures for your company, in accordance with the requirements of Cabinet of Ministers Regulations \u2116.238 &#8220;Fire Safety Regulations&#8221; .<br \/>\nWe perform maintenance and installation of fire safety engineering systems, taking into account existing standards, regulatory enactments and manufacturer requirements. We offer complex system audits and a verification of the workability of the equipment, in order to ensure the safe operation of your company&#8217;s equipment.<\/p>\n<h2>We provide such services in the field of fire safety<\/h2>\n<ul>\n<li>Fire alarm \/ device maintenance.<\/li>\n<li>Fire extinguishing system maintenance.<\/li>\n<li>Fire extinguisher maintenance.<\/li>\n<li>Development of fire safety documentation and instructions.<\/li>\n<li>Practical and theoretical training of employees.<\/li>\n<li>Development of evacuation plans.<\/li>\n<li>Cleaning of ventilation systems, video inspection and preparation of air duct inspection report.<\/li>\n<li>Representation of company interests and assistance during the State Fire and Rescue Service inspection.<\/li>\n<li>Electrical measurements<\/li>\n<\/ul>\n<div class=\"subscribe-wrapper\">\n\t<a href=\"\" class=\"d-flex flex-wrap justify-content-between w-100 h-100\" data-toggle=\"modal\" data-target=\"#subscribeModal\">\n\t\t<div class=\"main-part d-flex align-items-center\">\n\t\t\t<div class=\"main-part-image d-flex justify-content-center align-items-center\">\n\t\t\t\t<img src=\"https:\/\/afss.lv\/wp-content\/themes\/affs\/images\/plane.svg\" alt=\"plane\" title=\"plane\" class=\"position-relative\">\n\t\t\t<\/div>\n            \t\t\t\t<div class=\"main-part-text\">Want to receive updates on your email with really useful information on fire safety and more?<\/div>\n            \t\t<\/div>\n\t\t<div class=\"button-part d-flex align-items-center\">\n            \t\t\t\t<div class=\"button-part-text\">Click here<\/div>\n            \t\t\t<div class=\"button-part-image d-flex justify-content-center align-items-center\">\n\t\t\t\t<img src=\"https:\/\/afss.lv\/wp-content\/themes\/affs\/images\/arrow.svg\" alt=\"arrow\" title=\"arrow\">\n\t\t\t<\/div>\n\t\t<\/div>\n\t<\/a>\n<\/div>\n<div class=\"image-modal-window subscribe-modal-window\">\n\t<div class=\"modal\" id=\"subscribeModal\" tabindex=\"-1\">\n\t\t<div class=\"modal-dialog\">\n\t\t\t<div class=\"modal-content\">\n\t\t\t\t<div class=\"modal-subscribe-wrapper\">\n\t\t\t\t\t<form action=\"\" method=\"post\" id=\"subscribe-form\">\n\t\t\t\t\t\t<div class=\"single-input-wrapper\">\n\t\t\t\t\t\t\t<div class=\"input-title email-title\">E-mail address *<\/div>\n\t\t\t\t\t\t\t<div class=\"input-wrapper\">\n\t\t\t\t\t\t\t\t<input type=\"text\" class=\"email-input w-100\" name=\"form-email\">\n\t\t\t\t\t\t\t<\/div>\n\t\t\t\t\t\t<\/div>\n\t\t\t\t\t\t<div class=\"submit-button d-flex align-items-center w-100\">\n\t\t\t\t\t\t\t<button type=\"submit\" class=\"text-uppercase position-relative\">\n                                Apply for\t\t\t\t\t\t\t\t<img src=\"https:\/\/afss.lv\/wp-content\/themes\/affs\/images\/right-arrow-white.svg\" alt=\"arrow\" title=\"arrow\" class=\"arrow-submit\">\n\t\t\t\t\t\t\t\t<img src=\"https:\/\/afss.lv\/wp-content\/themes\/affs\/images\/preloader.png\" class=\"preloader position-absolute\" alt=\"preloader\" title=\"preloader\">\n\t\t\t\t\t\t\t<\/button>\n\t\t\t\t\t\t<\/div>\n\t\t\t\t\t<\/form>\n\t\t\t\t\t<!-- SUCCESS MESSAGE -->\n\t\t\t\t\t<div class=\"success-submit-wrapper\" style=\"display: none;\">\n\t\t\t\t\t\t<div class=\"success-image\">\n\t\t\t\t\t\t\t<img src=\"https:\/\/afss.lv\/wp-content\/themes\/affs\/images\/success-image.png\" alt=\"success\" title=\"success\">\n\t\t\t\t\t\t<\/div>\n                        \t\t\t\t\t\t\t<div class=\"success-title\">Thank you!<\/div>\n                        \t\t\t\t\t\t\t<div class=\"success-subtext\">You are signed up for news!<\/div>\n                        \t\t\t\t\t<\/div>\n\t\t\t\t\t<!-- END SUCCESS MESSAGE -->\n\t\t\t\t<\/div>\n\t\t\t<\/div>\n\t\t<\/div>\n\t\t<button class=\"modal-cross\" data-dismiss=\"modal\"><i class=\"fas fa-times\"><\/i><\/button>\n\t<\/div>\n<\/div>\n","protected":false},"excerpt":{"rendered":"<p>Your fire safety starts here: We started our professional activities in 2011, we cooperate with large and small businesses in different sectors and provide services throughout Latvia. A responsible, fair and professional approach to high-quality work is our daily life. We are able to develop the optimal fire safety solution according to the type of&#8230;<\/p>\n","protected":false},"author":1,"featured_media":0,"parent":0,"menu_order":0,"comment_status":"closed","ping_status":"closed","template":"","meta":[],"acf":[],"yoast_head":"<!-- This site is optimized with the Yoast SEO plugin v19.13 - https:\/\/yoast.com\/wordpress\/plugins\/seo\/ -->\n<title>About us - Ugunsdro\u0161\u012bbas signaliz\u0101ciju\/ier\u012b\u010du apkalpo\u0161ana<\/title>\n<meta name=\"robots\" content=\"index, follow, max-snippet:-1, max-image-preview:large, max-video-preview:-1\" \/>\n<link rel=\"canonical\" href=\"https:\/\/afss.lv\/en\/about-us\/\" \/>\n<meta property=\"og:locale\" content=\"en_US\" \/>\n<meta property=\"og:type\" content=\"article\" \/>\n<meta property=\"og:title\" content=\"About us - Ugunsdro\u0161\u012bbas signaliz\u0101ciju\/ier\u012b\u010du apkalpo\u0161ana\" \/>\n<meta property=\"og:description\" content=\"Your fire safety starts here: We started our professional activities in 2011, we cooperate with large and small businesses in different sectors and provide services throughout Latvia. A responsible, fair and professional approach to high-quality work is our daily life. We are able to develop the optimal fire safety solution according to the type of...\" \/>\n<meta property=\"og:url\" content=\"https:\/\/afss.lv\/en\/about-us\/\" \/>\n<meta property=\"og:site_name\" content=\"Ugunsdro\u0161\u012bbas signaliz\u0101ciju\/ier\u012b\u010du apkalpo\u0161ana\" \/>\n<meta property=\"article:publisher\" content=\"https:\/\/www.facebook.com\/ugunsdrosibaafss\/\" \/>\n<meta property=\"article:modified_time\" content=\"2020-02-12T08:52:52+00:00\" \/>\n<meta name=\"twitter:card\" content=\"summary_large_image\" \/>\n<meta name=\"twitter:label1\" content=\"Est. reading time\" \/>\n\t<meta name=\"twitter:data1\" content=\"1 minute\" \/>\n<script type=\"application\/ld+json\" class=\"yoast-schema-graph\">{\"@context\":\"https:\/\/schema.org\",\"@graph\":[{\"@type\":\"WebPage\",\"@id\":\"https:\/\/afss.lv\/en\/about-us\/\",\"url\":\"https:\/\/afss.lv\/en\/about-us\/\",\"name\":\"About us - Ugunsdro\u0161\u012bbas signaliz\u0101ciju\/ier\u012b\u010du apkalpo\u0161ana\",\"isPartOf\":{\"@id\":\"https:\/\/afss.lv\/#website\"},\"datePublished\":\"2020-01-27T09:13:44+00:00\",\"dateModified\":\"2020-02-12T08:52:52+00:00\",\"breadcrumb\":{\"@id\":\"https:\/\/afss.lv\/en\/about-us\/#breadcrumb\"},\"inLanguage\":\"en-US\",\"potentialAction\":[{\"@type\":\"ReadAction\",\"target\":[\"https:\/\/afss.lv\/en\/about-us\/\"]}]},{\"@type\":\"BreadcrumbList\",\"@id\":\"https:\/\/afss.lv\/en\/about-us\/#breadcrumb\",\"itemListElement\":[{\"@type\":\"ListItem\",\"position\":1,\"name\":\"Home\",\"item\":\"https:\/\/afss.lv\/en\/\"},{\"@type\":\"ListItem\",\"position\":2,\"name\":\"About us\"}]},{\"@type\":\"WebSite\",\"@id\":\"https:\/\/afss.lv\/#website\",\"url\":\"https:\/\/afss.lv\/\",\"name\":\"Ugunsdro\u0161\u012bbas signaliz\u0101ciju\/ier\u012b\u010du apkalpo\u0161ana\",\"description\":\"Ugunsdz\u0113s\u012bbas sist\u0113mu apkalpo\u0161ana\",\"publisher\":{\"@id\":\"https:\/\/afss.lv\/#organization\"},\"potentialAction\":[{\"@type\":\"SearchAction\",\"target\":{\"@type\":\"EntryPoint\",\"urlTemplate\":\"https:\/\/afss.lv\/?s={search_term_string}\"},\"query-input\":\"required name=search_term_string\"}],\"inLanguage\":\"en-US\"},{\"@type\":\"Organization\",\"@id\":\"https:\/\/afss.lv\/#organization\",\"name\":\"SIA \u201eAFSS\u201d\",\"url\":\"https:\/\/afss.lv\/\",\"logo\":{\"@type\":\"ImageObject\",\"inLanguage\":\"en-US\",\"@id\":\"https:\/\/afss.lv\/#\/schema\/logo\/image\/\",\"url\":\"https:\/\/afss.lv\/wp-content\/uploads\/2020\/02\/logo.png\",\"contentUrl\":\"https:\/\/afss.lv\/wp-content\/uploads\/2020\/02\/logo.png\",\"width\":170,\"height\":67,\"caption\":\"SIA \u201eAFSS\u201d\"},\"image\":{\"@id\":\"https:\/\/afss.lv\/#\/schema\/logo\/image\/\"},\"sameAs\":[\"https:\/\/www.facebook.com\/ugunsdrosibaafss\/\"]}]}<\/script>\n<!-- \/ Yoast SEO plugin. -->","yoast_head_json":{"title":"About us - Ugunsdro\u0161\u012bbas signaliz\u0101ciju\/ier\u012b\u010du apkalpo\u0161ana","robots":{"index":"index","follow":"follow","max-snippet":"max-snippet:-1","max-image-preview":"max-image-preview:large","max-video-preview":"max-video-preview:-1"},"canonical":"https:\/\/afss.lv\/en\/about-us\/","og_locale":"en_US","og_type":"article","og_title":"About us - Ugunsdro\u0161\u012bbas signaliz\u0101ciju\/ier\u012b\u010du apkalpo\u0161ana","og_description":"Your fire safety starts here: We started our professional activities in 2011, we cooperate with large and small businesses in different sectors and provide services throughout Latvia. A responsible, fair and professional approach to high-quality work is our daily life. We are able to develop the optimal fire safety solution according to the type of...","og_url":"https:\/\/afss.lv\/en\/about-us\/","og_site_name":"Ugunsdro\u0161\u012bbas signaliz\u0101ciju\/ier\u012b\u010du apkalpo\u0161ana","article_publisher":"https:\/\/www.facebook.com\/ugunsdrosibaafss\/","article_modified_time":"2020-02-12T08:52:52+00:00","twitter_card":"summary_large_image","twitter_misc":{"Est. reading time":"1 minute"},"schema":{"@context":"https:\/\/schema.org","@graph":[{"@type":"WebPage","@id":"https:\/\/afss.lv\/en\/about-us\/","url":"https:\/\/afss.lv\/en\/about-us\/","name":"About us - Ugunsdro\u0161\u012bbas signaliz\u0101ciju\/ier\u012b\u010du apkalpo\u0161ana","isPartOf":{"@id":"https:\/\/afss.lv\/#website"},"datePublished":"2020-01-27T09:13:44+00:00","dateModified":"2020-02-12T08:52:52+00:00","breadcrumb":{"@id":"https:\/\/afss.lv\/en\/about-us\/#breadcrumb"},"inLanguage":"en-US","potentialAction":[{"@type":"ReadAction","target":["https:\/\/afss.lv\/en\/about-us\/"]}]},{"@type":"BreadcrumbList","@id":"https:\/\/afss.lv\/en\/about-us\/#breadcrumb","itemListElement":[{"@type":"ListItem","position":1,"name":"Home","item":"https:\/\/afss.lv\/en\/"},{"@type":"ListItem","position":2,"name":"About us"}]},{"@type":"WebSite","@id":"https:\/\/afss.lv\/#website","url":"https:\/\/afss.lv\/","name":"Ugunsdro\u0161\u012bbas signaliz\u0101ciju\/ier\u012b\u010du apkalpo\u0161ana","description":"Ugunsdz\u0113s\u012bbas sist\u0113mu apkalpo\u0161ana","publisher":{"@id":"https:\/\/afss.lv\/#organization"},"potentialAction":[{"@type":"SearchAction","target":{"@type":"EntryPoint","urlTemplate":"https:\/\/afss.lv\/?s={search_term_string}"},"query-input":"required name=search_term_string"}],"inLanguage":"en-US"},{"@type":"Organization","@id":"https:\/\/afss.lv\/#organization","name":"SIA \u201eAFSS\u201d","url":"https:\/\/afss.lv\/","logo":{"@type":"ImageObject","inLanguage":"en-US","@id":"https:\/\/afss.lv\/#\/schema\/logo\/image\/","url":"https:\/\/afss.lv\/wp-content\/uploads\/2020\/02\/logo.png","contentUrl":"https:\/\/afss.lv\/wp-content\/uploads\/2020\/02\/logo.png","width":170,"height":67,"caption":"SIA \u201eAFSS\u201d"},"image":{"@id":"https:\/\/afss.lv\/#\/schema\/logo\/image\/"},"sameAs":["https:\/\/www.facebook.com\/ugunsdrosibaafss\/"]}]}},"_links":{"self":[{"href":"https:\/\/afss.lv\/en\/wp-json\/wp\/v2\/pages\/1131"}],"collection":[{"href":"https:\/\/afss.lv\/en\/wp-json\/wp\/v2\/pages"}],"about":[{"href":"https:\/\/afss.lv\/en\/wp-json\/wp\/v2\/types\/page"}],"author":[{"embeddable":true,"href":"https:\/\/afss.lv\/en\/wp-json\/wp\/v2\/users\/1"}],"replies":[{"embeddable":true,"href":"https:\/\/afss.lv\/en\/wp-json\/wp\/v2\/comments?post=1131"}],"version-history":[{"count":7,"href":"https:\/\/afss.lv\/en\/wp-json\/wp\/v2\/pages\/1131\/revisions"}],"predecessor-version":[{"id":1312,"href":"https:\/\/afss.lv\/en\/wp-json\/wp\/v2\/pages\/1131\/revisions\/1312"}],"wp:attachment":[{"href":"https:\/\/afss.lv\/en\/wp-json\/wp\/v2\/media?parent=1131"}],"curies":[{"name":"wp","href":"https:\/\/api.w.org\/{rel}","templated":true}]}}