{"id":1313,"date":"2020-02-04T10:49:11","date_gmt":"2020-02-04T08:49:11","guid":{"rendered":"https:\/\/afss.lv\/services\/darba-drosibas-dokumentacija-un-realizacija-jusu-uznemuma\/"},"modified":"2020-02-12T11:42:08","modified_gmt":"2020-02-12T09:42:08","slug":"labour-protection-services","status":"publish","type":"page","link":"https:\/\/afss.lv\/en\/services\/labour-protection-services\/","title":{"rendered":"Safety documentation and implementation in your company"},"content":{"rendered":"<p>1. Carrying out audits of the labour protection system and determining the conformity of the company in accordance to the requirements of regulatory enactments<br \/>\n2. Establishing, implementing and maintaining an organisational structure for labour protection within the company<br \/>\n3. Internal monitoring of the work environment, including assessment of risks to the working environment<br \/>\n4. Development of documents related to labour protection (labour protection instructions, lists, draft orders, plans of labour protection measures, etc.)<br \/>\n5. Determination of the measures necessary to improve the working environment<br \/>\n6. Theoretical and practical training of employees regarding labour protection issues<br \/>\n7. Investigation of accidents at work<br \/>\n8. Establishment, planning, organisation of mandatory health checks and administration of the record keeping system<br \/>\n9. Labour protection consultations<\/p>\n<div class=\"shortcode-button\"><a href=\"https:\/\/afss.lv\/en\/contacts\/\" class=\"d-inline-flex align-items-center text-uppercase position-relative\">Sign up for this service<img src=\"https:\/\/afss.lv\/wp-content\/themes\/affs\/images\/right-arrow-white.svg\" alt=\"arrow\" title=\"arrow\" class=\"arrow-submit\"><\/a><\/div>\n","protected":false},"excerpt":{"rendered":"<p>1. Carrying out audits of the labour protection system and determining the conformity of the company in accordance to the requirements of regulatory enactments 2. Establishing, implementing and maintaining an organisational structure for labour protection within the company 3. Internal monitoring of the work environment, including assessment of risks to the working environment 4. Development&#8230;<\/p>\n","protected":false},"author":2,"featured_media":0,"parent":1126,"menu_order":0,"comment_status":"closed","ping_status":"closed","template":"","meta":[],"acf":[],"yoast_head":"<!-- This site is optimized with the Yoast SEO plugin v19.13 - https:\/\/yoast.com\/wordpress\/plugins\/seo\/ -->\n<title>Safety documentation and implementation in your company - Ugunsdro\u0161\u012bbas signaliz\u0101ciju\/ier\u012b\u010du apkalpo\u0161ana<\/title>\n<meta name=\"robots\" content=\"index, follow, max-snippet:-1, max-image-preview:large, max-video-preview:-1\" \/>\n<link rel=\"canonical\" href=\"https:\/\/afss.lv\/en\/services\/labour-protection-services\/\" \/>\n<meta property=\"og:locale\" content=\"en_US\" \/>\n<meta property=\"og:type\" content=\"article\" \/>\n<meta property=\"og:title\" content=\"Safety documentation and implementation in your company - Ugunsdro\u0161\u012bbas signaliz\u0101ciju\/ier\u012b\u010du apkalpo\u0161ana\" \/>\n<meta property=\"og:description\" content=\"1. Carrying out audits of the labour protection system and determining the conformity of the company in accordance to the requirements of regulatory enactments 2. Establishing, implementing and maintaining an organisational structure for labour protection within the company 3. Internal monitoring of the work environment, including assessment of risks to the working environment 4. Development...\" \/>\n<meta property=\"og:url\" content=\"https:\/\/afss.lv\/en\/services\/labour-protection-services\/\" \/>\n<meta property=\"og:site_name\" content=\"Ugunsdro\u0161\u012bbas signaliz\u0101ciju\/ier\u012b\u010du apkalpo\u0161ana\" \/>\n<meta property=\"article:publisher\" content=\"https:\/\/www.facebook.com\/ugunsdrosibaafss\/\" \/>\n<meta property=\"article:modified_time\" content=\"2020-02-12T09:42:08+00:00\" \/>\n<meta name=\"twitter:card\" content=\"summary_large_image\" \/>\n<meta name=\"twitter:label1\" content=\"Est. reading time\" \/>\n\t<meta name=\"twitter:data1\" content=\"1 minute\" \/>\n<script type=\"application\/ld+json\" class=\"yoast-schema-graph\">{\"@context\":\"https:\/\/schema.org\",\"@graph\":[{\"@type\":\"WebPage\",\"@id\":\"https:\/\/afss.lv\/en\/services\/labour-protection-services\/\",\"url\":\"https:\/\/afss.lv\/en\/services\/labour-protection-services\/\",\"name\":\"Safety documentation and implementation in your company - Ugunsdro\u0161\u012bbas signaliz\u0101ciju\/ier\u012b\u010du apkalpo\u0161ana\",\"isPartOf\":{\"@id\":\"https:\/\/afss.lv\/#website\"},\"datePublished\":\"2020-02-04T08:49:11+00:00\",\"dateModified\":\"2020-02-12T09:42:08+00:00\",\"breadcrumb\":{\"@id\":\"https:\/\/afss.lv\/en\/services\/labour-protection-services\/#breadcrumb\"},\"inLanguage\":\"en-US\",\"potentialAction\":[{\"@type\":\"ReadAction\",\"target\":[\"https:\/\/afss.lv\/en\/services\/labour-protection-services\/\"]}]},{\"@type\":\"BreadcrumbList\",\"@id\":\"https:\/\/afss.lv\/en\/services\/labour-protection-services\/#breadcrumb\",\"itemListElement\":[{\"@type\":\"ListItem\",\"position\":1,\"name\":\"Home\",\"item\":\"https:\/\/afss.lv\/en\/\"},{\"@type\":\"ListItem\",\"position\":2,\"name\":\"Services\",\"item\":\"https:\/\/afss.lv\/en\/services\/\"},{\"@type\":\"ListItem\",\"position\":3,\"name\":\"Safety documentation and implementation in your company\"}]},{\"@type\":\"WebSite\",\"@id\":\"https:\/\/afss.lv\/#website\",\"url\":\"https:\/\/afss.lv\/\",\"name\":\"Ugunsdro\u0161\u012bbas signaliz\u0101ciju\/ier\u012b\u010du apkalpo\u0161ana\",\"description\":\"Ugunsdz\u0113s\u012bbas sist\u0113mu apkalpo\u0161ana\",\"publisher\":{\"@id\":\"https:\/\/afss.lv\/#organization\"},\"potentialAction\":[{\"@type\":\"SearchAction\",\"target\":{\"@type\":\"EntryPoint\",\"urlTemplate\":\"https:\/\/afss.lv\/?s={search_term_string}\"},\"query-input\":\"required name=search_term_string\"}],\"inLanguage\":\"en-US\"},{\"@type\":\"Organization\",\"@id\":\"https:\/\/afss.lv\/#organization\",\"name\":\"SIA \u201eAFSS\u201d\",\"url\":\"https:\/\/afss.lv\/\",\"logo\":{\"@type\":\"ImageObject\",\"inLanguage\":\"en-US\",\"@id\":\"https:\/\/afss.lv\/#\/schema\/logo\/image\/\",\"url\":\"https:\/\/afss.lv\/wp-content\/uploads\/2020\/02\/logo.png\",\"contentUrl\":\"https:\/\/afss.lv\/wp-content\/uploads\/2020\/02\/logo.png\",\"width\":170,\"height\":67,\"caption\":\"SIA \u201eAFSS\u201d\"},\"image\":{\"@id\":\"https:\/\/afss.lv\/#\/schema\/logo\/image\/\"},\"sameAs\":[\"https:\/\/www.facebook.com\/ugunsdrosibaafss\/\"]}]}<\/script>\n<!-- \/ Yoast SEO plugin. -->","yoast_head_json":{"title":"Safety documentation and implementation in your company - Ugunsdro\u0161\u012bbas signaliz\u0101ciju\/ier\u012b\u010du apkalpo\u0161ana","robots":{"index":"index","follow":"follow","max-snippet":"max-snippet:-1","max-image-preview":"max-image-preview:large","max-video-preview":"max-video-preview:-1"},"canonical":"https:\/\/afss.lv\/en\/services\/labour-protection-services\/","og_locale":"en_US","og_type":"article","og_title":"Safety documentation and implementation in your company - Ugunsdro\u0161\u012bbas signaliz\u0101ciju\/ier\u012b\u010du apkalpo\u0161ana","og_description":"1. Carrying out audits of the labour protection system and determining the conformity of the company in accordance to the requirements of regulatory enactments 2. Establishing, implementing and maintaining an organisational structure for labour protection within the company 3. Internal monitoring of the work environment, including assessment of risks to the working environment 4. Development...","og_url":"https:\/\/afss.lv\/en\/services\/labour-protection-services\/","og_site_name":"Ugunsdro\u0161\u012bbas signaliz\u0101ciju\/ier\u012b\u010du apkalpo\u0161ana","article_publisher":"https:\/\/www.facebook.com\/ugunsdrosibaafss\/","article_modified_time":"2020-02-12T09:42:08+00:00","twitter_card":"summary_large_image","twitter_misc":{"Est. reading time":"1 minute"},"schema":{"@context":"https:\/\/schema.org","@graph":[{"@type":"WebPage","@id":"https:\/\/afss.lv\/en\/services\/labour-protection-services\/","url":"https:\/\/afss.lv\/en\/services\/labour-protection-services\/","name":"Safety documentation and implementation in your company - Ugunsdro\u0161\u012bbas signaliz\u0101ciju\/ier\u012b\u010du apkalpo\u0161ana","isPartOf":{"@id":"https:\/\/afss.lv\/#website"},"datePublished":"2020-02-04T08:49:11+00:00","dateModified":"2020-02-12T09:42:08+00:00","breadcrumb":{"@id":"https:\/\/afss.lv\/en\/services\/labour-protection-services\/#breadcrumb"},"inLanguage":"en-US","potentialAction":[{"@type":"ReadAction","target":["https:\/\/afss.lv\/en\/services\/labour-protection-services\/"]}]},{"@type":"BreadcrumbList","@id":"https:\/\/afss.lv\/en\/services\/labour-protection-services\/#breadcrumb","itemListElement":[{"@type":"ListItem","position":1,"name":"Home","item":"https:\/\/afss.lv\/en\/"},{"@type":"ListItem","position":2,"name":"Services","item":"https:\/\/afss.lv\/en\/services\/"},{"@type":"ListItem","position":3,"name":"Safety documentation and implementation in your company"}]},{"@type":"WebSite","@id":"https:\/\/afss.lv\/#website","url":"https:\/\/afss.lv\/","name":"Ugunsdro\u0161\u012bbas signaliz\u0101ciju\/ier\u012b\u010du apkalpo\u0161ana","description":"Ugunsdz\u0113s\u012bbas sist\u0113mu apkalpo\u0161ana","publisher":{"@id":"https:\/\/afss.lv\/#organization"},"potentialAction":[{"@type":"SearchAction","target":{"@type":"EntryPoint","urlTemplate":"https:\/\/afss.lv\/?s={search_term_string}"},"query-input":"required name=search_term_string"}],"inLanguage":"en-US"},{"@type":"Organization","@id":"https:\/\/afss.lv\/#organization","name":"SIA \u201eAFSS\u201d","url":"https:\/\/afss.lv\/","logo":{"@type":"ImageObject","inLanguage":"en-US","@id":"https:\/\/afss.lv\/#\/schema\/logo\/image\/","url":"https:\/\/afss.lv\/wp-content\/uploads\/2020\/02\/logo.png","contentUrl":"https:\/\/afss.lv\/wp-content\/uploads\/2020\/02\/logo.png","width":170,"height":67,"caption":"SIA \u201eAFSS\u201d"},"image":{"@id":"https:\/\/afss.lv\/#\/schema\/logo\/image\/"},"sameAs":["https:\/\/www.facebook.com\/ugunsdrosibaafss\/"]}]}},"_links":{"self":[{"href":"https:\/\/afss.lv\/en\/wp-json\/wp\/v2\/pages\/1313"}],"collection":[{"href":"https:\/\/afss.lv\/en\/wp-json\/wp\/v2\/pages"}],"about":[{"href":"https:\/\/afss.lv\/en\/wp-json\/wp\/v2\/types\/page"}],"author":[{"embeddable":true,"href":"https:\/\/afss.lv\/en\/wp-json\/wp\/v2\/users\/2"}],"replies":[{"embeddable":true,"href":"https:\/\/afss.lv\/en\/wp-json\/wp\/v2\/comments?post=1313"}],"version-history":[{"count":4,"href":"https:\/\/afss.lv\/en\/wp-json\/wp\/v2\/pages\/1313\/revisions"}],"predecessor-version":[{"id":1322,"href":"https:\/\/afss.lv\/en\/wp-json\/wp\/v2\/pages\/1313\/revisions\/1322"}],"up":[{"embeddable":true,"href":"https:\/\/afss.lv\/en\/wp-json\/wp\/v2\/pages\/1126"}],"wp:attachment":[{"href":"https:\/\/afss.lv\/en\/wp-json\/wp\/v2\/media?parent=1313"}],"curies":[{"name":"wp","href":"https:\/\/api.w.org\/{rel}","templated":true}]}}