{"id":1319,"date":"2020-02-04T10:54:01","date_gmt":"2020-02-04T08:54:01","guid":{"rendered":"https:\/\/afss.lv\/services\/eku-inzeniertiklu-serviss-riga-un-visa-latvija\/"},"modified":"2020-02-12T11:40:30","modified_gmt":"2020-02-12T09:40:30","slug":"building-engineering-network-service-in-riga-and-all-over-latvia","status":"publish","type":"page","link":"https:\/\/afss.lv\/en\/services\/building-engineering-network-service-in-riga-and-all-over-latvia\/","title":{"rendered":"Building engineering network service  in Riga and all over Latvia"},"content":{"rendered":"<p>To keep your engineering systems running smoothly, we will take care and\u2022 in a timely manner carry out the inspection, maintenance and monitoring of the equipment.<br \/>\nIn order to ensure the continuous operation of the engineering networks and equipment during operation, we will evaluate the technical condition, depreciation of engineering networks and calculate operating costs.<\/p>\n<p>We perform the maintenance and inspections of equipment in accordance with the recommendations of the equipment manufacturer, both during and after the warranty period.<br \/>\nWe provide scheduled equipment repairs and unscheduled by request of the customer.<br \/>\nWe offer to develop the work schedule and cost estimate of the repairs in line with the individual requirements of your site&#8217;s equipment and systems so you can effectively plan your budget.<br \/>\nWe will suggest solutions for improving energy efficiency.<\/p>\n<p><strong>We offer maintenance and repair services for the following engineering systems:<\/strong><\/p>\n<ul>\n<li>Cooling systems<\/li>\n<li>Ventilation systems<\/li>\n<li>Heating systems<\/li>\n<li>Water supply and sewerage<\/li>\n<\/ul>\n<div class=\"shortcode-button\"><a href=\"https:\/\/afss.lv\/en\/contacts\/\" class=\"d-inline-flex align-items-center text-uppercase position-relative\">Sign up for this service<img src=\"https:\/\/afss.lv\/wp-content\/themes\/affs\/images\/right-arrow-white.svg\" alt=\"arrow\" title=\"arrow\" class=\"arrow-submit\"><\/a><\/div>\n","protected":false},"excerpt":{"rendered":"<p>To keep your engineering systems running smoothly, we will take care and\u2022 in a timely manner carry out the inspection, maintenance and monitoring of the equipment. In order to ensure the continuous operation of the engineering networks and equipment during operation, we will evaluate the technical condition, depreciation of engineering networks and calculate operating costs&#8230;.<\/p>\n","protected":false},"author":2,"featured_media":0,"parent":1126,"menu_order":0,"comment_status":"closed","ping_status":"closed","template":"","meta":[],"acf":[],"yoast_head":"<!-- This site is optimized with the Yoast SEO plugin v19.13 - https:\/\/yoast.com\/wordpress\/plugins\/seo\/ -->\n<title>Building engineering network service in Riga and all over Latvia - Ugunsdro\u0161\u012bbas signaliz\u0101ciju\/ier\u012b\u010du apkalpo\u0161ana<\/title>\n<meta name=\"robots\" content=\"index, follow, max-snippet:-1, max-image-preview:large, max-video-preview:-1\" \/>\n<link rel=\"canonical\" href=\"https:\/\/afss.lv\/en\/services\/building-engineering-network-service-in-riga-and-all-over-latvia\/\" \/>\n<meta property=\"og:locale\" content=\"en_US\" \/>\n<meta property=\"og:type\" content=\"article\" \/>\n<meta property=\"og:title\" content=\"Building engineering network service in Riga and all over Latvia - Ugunsdro\u0161\u012bbas signaliz\u0101ciju\/ier\u012b\u010du apkalpo\u0161ana\" \/>\n<meta property=\"og:description\" content=\"To keep your engineering systems running smoothly, we will take care and\u2022 in a timely manner carry out the inspection, maintenance and monitoring of the equipment. In order to ensure the continuous operation of the engineering networks and equipment during operation, we will evaluate the technical condition, depreciation of engineering networks and calculate operating costs....\" \/>\n<meta property=\"og:url\" content=\"https:\/\/afss.lv\/en\/services\/building-engineering-network-service-in-riga-and-all-over-latvia\/\" \/>\n<meta property=\"og:site_name\" content=\"Ugunsdro\u0161\u012bbas signaliz\u0101ciju\/ier\u012b\u010du apkalpo\u0161ana\" \/>\n<meta property=\"article:publisher\" content=\"https:\/\/www.facebook.com\/ugunsdrosibaafss\/\" \/>\n<meta property=\"article:modified_time\" content=\"2020-02-12T09:40:30+00:00\" \/>\n<meta name=\"twitter:card\" content=\"summary_large_image\" \/>\n<meta name=\"twitter:label1\" content=\"Est. reading time\" \/>\n\t<meta name=\"twitter:data1\" content=\"1 minute\" \/>\n<script type=\"application\/ld+json\" class=\"yoast-schema-graph\">{\"@context\":\"https:\/\/schema.org\",\"@graph\":[{\"@type\":\"WebPage\",\"@id\":\"https:\/\/afss.lv\/en\/services\/building-engineering-network-service-in-riga-and-all-over-latvia\/\",\"url\":\"https:\/\/afss.lv\/en\/services\/building-engineering-network-service-in-riga-and-all-over-latvia\/\",\"name\":\"Building engineering network service in Riga and all over Latvia - Ugunsdro\u0161\u012bbas signaliz\u0101ciju\/ier\u012b\u010du apkalpo\u0161ana\",\"isPartOf\":{\"@id\":\"https:\/\/afss.lv\/#website\"},\"datePublished\":\"2020-02-04T08:54:01+00:00\",\"dateModified\":\"2020-02-12T09:40:30+00:00\",\"breadcrumb\":{\"@id\":\"https:\/\/afss.lv\/en\/services\/building-engineering-network-service-in-riga-and-all-over-latvia\/#breadcrumb\"},\"inLanguage\":\"en-US\",\"potentialAction\":[{\"@type\":\"ReadAction\",\"target\":[\"https:\/\/afss.lv\/en\/services\/building-engineering-network-service-in-riga-and-all-over-latvia\/\"]}]},{\"@type\":\"BreadcrumbList\",\"@id\":\"https:\/\/afss.lv\/en\/services\/building-engineering-network-service-in-riga-and-all-over-latvia\/#breadcrumb\",\"itemListElement\":[{\"@type\":\"ListItem\",\"position\":1,\"name\":\"Home\",\"item\":\"https:\/\/afss.lv\/en\/\"},{\"@type\":\"ListItem\",\"position\":2,\"name\":\"Services\",\"item\":\"https:\/\/afss.lv\/en\/services\/\"},{\"@type\":\"ListItem\",\"position\":3,\"name\":\"Building engineering network service in Riga and all over Latvia\"}]},{\"@type\":\"WebSite\",\"@id\":\"https:\/\/afss.lv\/#website\",\"url\":\"https:\/\/afss.lv\/\",\"name\":\"Ugunsdro\u0161\u012bbas signaliz\u0101ciju\/ier\u012b\u010du apkalpo\u0161ana\",\"description\":\"Ugunsdz\u0113s\u012bbas sist\u0113mu apkalpo\u0161ana\",\"publisher\":{\"@id\":\"https:\/\/afss.lv\/#organization\"},\"potentialAction\":[{\"@type\":\"SearchAction\",\"target\":{\"@type\":\"EntryPoint\",\"urlTemplate\":\"https:\/\/afss.lv\/?s={search_term_string}\"},\"query-input\":\"required name=search_term_string\"}],\"inLanguage\":\"en-US\"},{\"@type\":\"Organization\",\"@id\":\"https:\/\/afss.lv\/#organization\",\"name\":\"SIA \u201eAFSS\u201d\",\"url\":\"https:\/\/afss.lv\/\",\"logo\":{\"@type\":\"ImageObject\",\"inLanguage\":\"en-US\",\"@id\":\"https:\/\/afss.lv\/#\/schema\/logo\/image\/\",\"url\":\"https:\/\/afss.lv\/wp-content\/uploads\/2020\/02\/logo.png\",\"contentUrl\":\"https:\/\/afss.lv\/wp-content\/uploads\/2020\/02\/logo.png\",\"width\":170,\"height\":67,\"caption\":\"SIA \u201eAFSS\u201d\"},\"image\":{\"@id\":\"https:\/\/afss.lv\/#\/schema\/logo\/image\/\"},\"sameAs\":[\"https:\/\/www.facebook.com\/ugunsdrosibaafss\/\"]}]}<\/script>\n<!-- \/ Yoast SEO plugin. -->","yoast_head_json":{"title":"Building engineering network service in Riga and all over Latvia - Ugunsdro\u0161\u012bbas signaliz\u0101ciju\/ier\u012b\u010du apkalpo\u0161ana","robots":{"index":"index","follow":"follow","max-snippet":"max-snippet:-1","max-image-preview":"max-image-preview:large","max-video-preview":"max-video-preview:-1"},"canonical":"https:\/\/afss.lv\/en\/services\/building-engineering-network-service-in-riga-and-all-over-latvia\/","og_locale":"en_US","og_type":"article","og_title":"Building engineering network service in Riga and all over Latvia - Ugunsdro\u0161\u012bbas signaliz\u0101ciju\/ier\u012b\u010du apkalpo\u0161ana","og_description":"To keep your engineering systems running smoothly, we will take care and\u2022 in a timely manner carry out the inspection, maintenance and monitoring of the equipment. In order to ensure the continuous operation of the engineering networks and equipment during operation, we will evaluate the technical condition, depreciation of engineering networks and calculate operating costs....","og_url":"https:\/\/afss.lv\/en\/services\/building-engineering-network-service-in-riga-and-all-over-latvia\/","og_site_name":"Ugunsdro\u0161\u012bbas signaliz\u0101ciju\/ier\u012b\u010du apkalpo\u0161ana","article_publisher":"https:\/\/www.facebook.com\/ugunsdrosibaafss\/","article_modified_time":"2020-02-12T09:40:30+00:00","twitter_card":"summary_large_image","twitter_misc":{"Est. reading time":"1 minute"},"schema":{"@context":"https:\/\/schema.org","@graph":[{"@type":"WebPage","@id":"https:\/\/afss.lv\/en\/services\/building-engineering-network-service-in-riga-and-all-over-latvia\/","url":"https:\/\/afss.lv\/en\/services\/building-engineering-network-service-in-riga-and-all-over-latvia\/","name":"Building engineering network service in Riga and all over Latvia - Ugunsdro\u0161\u012bbas signaliz\u0101ciju\/ier\u012b\u010du apkalpo\u0161ana","isPartOf":{"@id":"https:\/\/afss.lv\/#website"},"datePublished":"2020-02-04T08:54:01+00:00","dateModified":"2020-02-12T09:40:30+00:00","breadcrumb":{"@id":"https:\/\/afss.lv\/en\/services\/building-engineering-network-service-in-riga-and-all-over-latvia\/#breadcrumb"},"inLanguage":"en-US","potentialAction":[{"@type":"ReadAction","target":["https:\/\/afss.lv\/en\/services\/building-engineering-network-service-in-riga-and-all-over-latvia\/"]}]},{"@type":"BreadcrumbList","@id":"https:\/\/afss.lv\/en\/services\/building-engineering-network-service-in-riga-and-all-over-latvia\/#breadcrumb","itemListElement":[{"@type":"ListItem","position":1,"name":"Home","item":"https:\/\/afss.lv\/en\/"},{"@type":"ListItem","position":2,"name":"Services","item":"https:\/\/afss.lv\/en\/services\/"},{"@type":"ListItem","position":3,"name":"Building engineering network service in Riga and all over Latvia"}]},{"@type":"WebSite","@id":"https:\/\/afss.lv\/#website","url":"https:\/\/afss.lv\/","name":"Ugunsdro\u0161\u012bbas signaliz\u0101ciju\/ier\u012b\u010du apkalpo\u0161ana","description":"Ugunsdz\u0113s\u012bbas sist\u0113mu apkalpo\u0161ana","publisher":{"@id":"https:\/\/afss.lv\/#organization"},"potentialAction":[{"@type":"SearchAction","target":{"@type":"EntryPoint","urlTemplate":"https:\/\/afss.lv\/?s={search_term_string}"},"query-input":"required name=search_term_string"}],"inLanguage":"en-US"},{"@type":"Organization","@id":"https:\/\/afss.lv\/#organization","name":"SIA \u201eAFSS\u201d","url":"https:\/\/afss.lv\/","logo":{"@type":"ImageObject","inLanguage":"en-US","@id":"https:\/\/afss.lv\/#\/schema\/logo\/image\/","url":"https:\/\/afss.lv\/wp-content\/uploads\/2020\/02\/logo.png","contentUrl":"https:\/\/afss.lv\/wp-content\/uploads\/2020\/02\/logo.png","width":170,"height":67,"caption":"SIA \u201eAFSS\u201d"},"image":{"@id":"https:\/\/afss.lv\/#\/schema\/logo\/image\/"},"sameAs":["https:\/\/www.facebook.com\/ugunsdrosibaafss\/"]}]}},"_links":{"self":[{"href":"https:\/\/afss.lv\/en\/wp-json\/wp\/v2\/pages\/1319"}],"collection":[{"href":"https:\/\/afss.lv\/en\/wp-json\/wp\/v2\/pages"}],"about":[{"href":"https:\/\/afss.lv\/en\/wp-json\/wp\/v2\/types\/page"}],"author":[{"embeddable":true,"href":"https:\/\/afss.lv\/en\/wp-json\/wp\/v2\/users\/2"}],"replies":[{"embeddable":true,"href":"https:\/\/afss.lv\/en\/wp-json\/wp\/v2\/comments?post=1319"}],"version-history":[{"count":1,"href":"https:\/\/afss.lv\/en\/wp-json\/wp\/v2\/pages\/1319\/revisions"}],"predecessor-version":[{"id":1320,"href":"https:\/\/afss.lv\/en\/wp-json\/wp\/v2\/pages\/1319\/revisions\/1320"}],"up":[{"embeddable":true,"href":"https:\/\/afss.lv\/en\/wp-json\/wp\/v2\/pages\/1126"}],"wp:attachment":[{"href":"https:\/\/afss.lv\/en\/wp-json\/wp\/v2\/media?parent=1319"}],"curies":[{"name":"wp","href":"https:\/\/api.w.org\/{rel}","templated":true}]}}