{"id":1208,"date":"2020-01-27T11:14:27","date_gmt":"2020-01-27T09:14:27","guid":{"rendered":"https:\/\/afss.psdev.lv\/kapec-izveleties-mus\/"},"modified":"2020-02-12T19:24:11","modified_gmt":"2020-02-12T17:24:11","slug":"pochemu-vybirajut-nas","status":"publish","type":"page","link":"https:\/\/afss.lv\/ru\/pochemu-vybirajut-nas\/","title":{"rendered":"\u041f\u043e\u0447\u0435\u043c\u0443 \u0432\u044b\u0431\u0438\u0440\u0430\u044e\u0442 \u043d\u0430\u0441?"},"content":{"rendered":"<h2><strong>J\u016bsu ugunsdro\u0161\u012bba s\u0101kas \u0161eit<\/strong><\/h2>\n<p>Savu profesion\u0101lo darb\u012bbu esam uzs\u0101ku\u0161i 2011. gad\u0101, sadarbojamies ar lieliem un maziem da\u017e\u0101du nozaru uz\u0146\u0113mumiem un pakalpojumus sniedzam vis\u0101 Latvijas teritorij\u0101.<br \/>\nAtbild\u012bga, godpr\u0101t\u012bga un profesion\u0101la pieeja darbam ar augstu kvalit\u0101ti ir m\u016bsu ikdiena. M\u0113s sp\u0113jam izstr\u0101d\u0101t optim\u0101lu ugunsdro\u0161\u012bbas risin\u0101jumu atbilsto\u0161i j\u016bsu uz\u0146\u0113muma saimniecisk\u0101s darb\u012bbas veidam.<\/p>\n<p>Pied\u0101v\u0101jam izstr\u0101d\u0101t j\u016bsu uz\u0146\u0113mumam pilnu ugunsdro\u0161\u012bbas pas\u0101kumu kompleksu, atbilsto\u0161i LR Ministru kabineta noteikumos Nr.238 &#171;Ugunsdro\u0161\u012bbas noteikumi&#187; noteiktaj\u0101m pras\u012bb\u0101m. Veicam ugunsdro\u0161\u012bbas in\u017eeniertehnisko sist\u0113mu apkalpo\u0161anu un mont\u0101\u017eu, iev\u0113rojot sp\u0113k\u0101 eso\u0161os standartus, normat\u012bvos aktus un ra\u017eot\u0101ja pras\u012bbas. Pied\u0101v\u0101jam sist\u0113mu kompleksu auditu un iek\u0101rtu darbasp\u0113jas p\u0101rbaudi, lai j\u016bsu uz\u0146\u0113muma iek\u0101rtu ekspluat\u0101cija b\u016btu dro\u0161a.<\/p>\n<h2>Galerija no da\u017e\u0101diem pakalpojumiem un notikumiem, kas raksturo m\u016bsu uz\u0146\u0113mumu<\/h2>\n<div class=\"wysiwyg-gallery d-flex flex-wrap\"><div class=\"single-gallery-element\"><a href=\"\" data-toggle=\"modal\" data-target=\"#galleryImages0\" data-counter=\"1\" class=\"slider-image-link\"><img src=\"https:\/\/afss.lv\/wp-content\/uploads\/2020\/02\/gallery6-min.jpg\" class=\"gallery-image absolute-cover-img\" alt=\"\" title=\"\"><\/a><\/div><div class=\"single-gallery-element\"><a href=\"\" data-toggle=\"modal\" data-target=\"#galleryImages0\" data-counter=\"2\" class=\"slider-image-link\"><img src=\"https:\/\/afss.lv\/wp-content\/uploads\/2020\/02\/gallery7-min.jpg\" class=\"gallery-image absolute-cover-img\" alt=\"\" title=\"\"><\/a><\/div><div class=\"single-gallery-element\"><a href=\"\" data-toggle=\"modal\" data-target=\"#galleryImages0\" data-counter=\"3\" class=\"slider-image-link\"><img src=\"https:\/\/afss.lv\/wp-content\/uploads\/2020\/02\/gallery8-min.jpg\" class=\"gallery-image absolute-cover-img\" alt=\"\" title=\"\"><\/a><\/div><div class=\"single-gallery-element\"><a href=\"\" data-toggle=\"modal\" data-target=\"#galleryImages0\" data-counter=\"4\" class=\"slider-image-link\"><img src=\"https:\/\/afss.lv\/wp-content\/uploads\/2020\/02\/gallery1-min.jpg\" class=\"gallery-image absolute-cover-img\" alt=\"\" title=\"\"><\/a><\/div><div class=\"single-gallery-element\"><a href=\"\" data-toggle=\"modal\" data-target=\"#galleryImages0\" data-counter=\"5\" class=\"slider-image-link\"><img src=\"https:\/\/afss.lv\/wp-content\/uploads\/2020\/02\/gallery3-min.jpg\" class=\"gallery-image absolute-cover-img\" alt=\"\" title=\"\"><\/a><\/div><div class=\"single-gallery-element\"><a href=\"\" data-toggle=\"modal\" data-target=\"#galleryImages0\" data-counter=\"6\" class=\"slider-image-link\"><img src=\"https:\/\/afss.lv\/wp-content\/uploads\/2020\/02\/gallery4-min.jpg\" class=\"gallery-image absolute-cover-img\" alt=\"\" title=\"\"><\/a><\/div><\/div><div class=\"image-modal-window\"><div class=\"modal\" id=\"galleryImages0\" tabindex=\"-1\"><div class=\"modal-dialog\"><div class=\"modal-content\"><div id=\"imagesSlider0\" class=\"carousel slide\" data-ride=\"carousel\"><div class=\"carousel-inner\"><div class=\"carousel-item active\" data-counter=\"1\"><div class=\"align-modal-helper\"><img src=\"https:\/\/afss.lv\/wp-content\/uploads\/2020\/02\/gallery6-min.jpg\" alt=\"\" title=\"\"><\/div><\/div><div class=\"carousel-item \" data-counter=\"2\"><div class=\"align-modal-helper\"><img src=\"https:\/\/afss.lv\/wp-content\/uploads\/2020\/02\/gallery7-min.jpg\" alt=\"\" title=\"\"><\/div><\/div><div class=\"carousel-item \" data-counter=\"3\"><div class=\"align-modal-helper\"><img src=\"https:\/\/afss.lv\/wp-content\/uploads\/2020\/02\/gallery8-min.jpg\" alt=\"\" title=\"\"><\/div><\/div><div class=\"carousel-item \" data-counter=\"4\"><div class=\"align-modal-helper\"><img src=\"https:\/\/afss.lv\/wp-content\/uploads\/2020\/02\/gallery1-min.jpg\" alt=\"\" title=\"\"><\/div><\/div><div class=\"carousel-item \" data-counter=\"5\"><div class=\"align-modal-helper\"><img src=\"https:\/\/afss.lv\/wp-content\/uploads\/2020\/02\/gallery3-min.jpg\" alt=\"\" title=\"\"><\/div><\/div><div class=\"carousel-item \" data-counter=\"6\"><div class=\"align-modal-helper\"><img src=\"https:\/\/afss.lv\/wp-content\/uploads\/2020\/02\/gallery4-min.jpg\" alt=\"\" title=\"\"><\/div><\/div><\/div><\/div><\/div><\/div><a class=\"carousel-control-prev\" href=\"#imagesSlider0\" role=\"button\" data-slide=\"prev\"><i class=\"fas fa-arrow-left\"><\/i><\/a><a class=\"carousel-control-next\" href=\"#imagesSlider0\" role=\"button\" data-slide=\"next\"><i class=\"fas fa-arrow-right\"><\/i><\/a><button class=\"modal-cross\" data-dismiss=\"modal\"><i class=\"fas fa-times\"><\/i><\/button><\/div><\/div>\n<div class=\"subscribe-wrapper\">\n\t<a href=\"\" class=\"d-flex flex-wrap justify-content-between w-100 h-100\" data-toggle=\"modal\" data-target=\"#subscribeModal\">\n\t\t<div class=\"main-part d-flex align-items-center\">\n\t\t\t<div class=\"main-part-image d-flex justify-content-center align-items-center\">\n\t\t\t\t<img src=\"https:\/\/afss.lv\/wp-content\/themes\/affs\/images\/plane.svg\" alt=\"plane\" title=\"plane\" class=\"position-relative\">\n\t\t\t<\/div>\n            \t\t\t\t<div class=\"main-part-text\">\u0425\u043e\u0442\u0438\u0442\u0435 \u043f\u043e\u043b\u0443\u0447\u0430\u0442\u044c \u043e\u0431\u043d\u043e\u0432\u043b\u0435\u043d\u0438\u044f \u043d\u0430 \u0441\u0432\u043e\u044e \u044d\u043b\u0435\u043a\u0442\u0440\u043e\u043d\u043d\u0443\u044e \u043f\u043e\u0447\u0442\u0443 \u0441 \u0434\u0435\u0439\u0441\u0442\u0432\u0438\u0442\u0435\u043b\u044c\u043d\u043e \u043f\u043e\u043b\u0435\u0437\u043d\u043e\u0439 \u0438\u043d\u0444\u043e\u0440\u043c\u0430\u0446\u0438\u0435\u0439 \u043e \u043f\u043e\u0436\u0430\u0440\u043d\u043e\u0439 \u0431\u0435\u0437\u043e\u043f\u0430\u0441\u043d\u043e\u0441\u0442\u0438 \u0438 \u043c\u043d\u043e\u0433\u043e\u0435 \u0434\u0440\u0443\u0433\u043e\u0435?<\/div>\n            \t\t<\/div>\n\t\t<div class=\"button-part d-flex align-items-center\">\n            \t\t\t\t<div class=\"button-part-text\">\u041d\u0430\u0436\u043c\u0438\u0442\u0435 \u0437\u0434\u0435\u0441\u044c<\/div>\n            \t\t\t<div class=\"button-part-image d-flex justify-content-center align-items-center\">\n\t\t\t\t<img src=\"https:\/\/afss.lv\/wp-content\/themes\/affs\/images\/arrow.svg\" alt=\"arrow\" title=\"arrow\">\n\t\t\t<\/div>\n\t\t<\/div>\n\t<\/a>\n<\/div>\n<div class=\"image-modal-window subscribe-modal-window\">\n\t<div class=\"modal\" id=\"subscribeModal\" tabindex=\"-1\">\n\t\t<div class=\"modal-dialog\">\n\t\t\t<div class=\"modal-content\">\n\t\t\t\t<div class=\"modal-subscribe-wrapper\">\n\t\t\t\t\t<form action=\"\" method=\"post\" id=\"subscribe-form\">\n\t\t\t\t\t\t<div class=\"single-input-wrapper\">\n\t\t\t\t\t\t\t<div class=\"input-title email-title\">\u0410\u0434\u0440\u0435\u0441 \u044d\u043b\u0435\u043a\u0442\u0440\u043e\u043d\u043d\u043e\u0439 \u043f\u043e\u0447\u0442\u044b *<\/div>\n\t\t\t\t\t\t\t<div class=\"input-wrapper\">\n\t\t\t\t\t\t\t\t<input type=\"text\" class=\"email-input w-100\" name=\"form-email\">\n\t\t\t\t\t\t\t<\/div>\n\t\t\t\t\t\t<\/div>\n\t\t\t\t\t\t<div class=\"submit-button d-flex align-items-center w-100\">\n\t\t\t\t\t\t\t<button type=\"submit\" class=\"text-uppercase position-relative\">\n                                \u041f\u043e\u0434\u043f\u0438\u0441\u0430\u0442\u044c\u0441\u044f\t\t\t\t\t\t\t\t<img src=\"https:\/\/afss.lv\/wp-content\/themes\/affs\/images\/right-arrow-white.svg\" alt=\"arrow\" title=\"arrow\" class=\"arrow-submit\">\n\t\t\t\t\t\t\t\t<img src=\"https:\/\/afss.lv\/wp-content\/themes\/affs\/images\/preloader.png\" class=\"preloader position-absolute\" alt=\"preloader\" title=\"preloader\">\n\t\t\t\t\t\t\t<\/button>\n\t\t\t\t\t\t<\/div>\n\t\t\t\t\t<\/form>\n\t\t\t\t\t<!-- SUCCESS MESSAGE -->\n\t\t\t\t\t<div class=\"success-submit-wrapper\" style=\"display: none;\">\n\t\t\t\t\t\t<div class=\"success-image\">\n\t\t\t\t\t\t\t<img src=\"https:\/\/afss.lv\/wp-content\/themes\/affs\/images\/success-image.png\" alt=\"success\" title=\"success\">\n\t\t\t\t\t\t<\/div>\n                        \t\t\t\t\t\t\t<div class=\"success-title\">\u0421\u043f\u0430\u0441\u0438\u0431\u043e!<\/div>\n                        \t\t\t\t\t\t\t<div class=\"success-subtext\">\u0412\u044b \u043f\u043e\u0434\u043f\u0438\u0441\u0430\u043b\u0438\u0441\u044c \u043d\u0430 \u043d\u043e\u0432\u043e\u0441\u0442\u0438!<\/div>\n                        \t\t\t\t\t<\/div>\n\t\t\t\t\t<!-- END SUCCESS MESSAGE -->\n\t\t\t\t<\/div>\n\t\t\t<\/div>\n\t\t<\/div>\n\t\t<button class=\"modal-cross\" data-dismiss=\"modal\"><i class=\"fas fa-times\"><\/i><\/button>\n\t<\/div>\n<\/div>\n","protected":false},"excerpt":{"rendered":"<p>J\u016bsu ugunsdro\u0161\u012bba s\u0101kas \u0161eit Savu profesion\u0101lo darb\u012bbu esam uzs\u0101ku\u0161i 2011. gad\u0101, sadarbojamies ar lieliem un maziem da\u017e\u0101du nozaru uz\u0146\u0113mumiem un pakalpojumus sniedzam vis\u0101 Latvijas teritorij\u0101. Atbild\u012bga, godpr\u0101t\u012bga un profesion\u0101la pieeja darbam ar augstu kvalit\u0101ti ir m\u016bsu ikdiena. M\u0113s sp\u0113jam izstr\u0101d\u0101t optim\u0101lu ugunsdro\u0161\u012bbas risin\u0101jumu atbilsto\u0161i j\u016bsu uz\u0146\u0113muma saimniecisk\u0101s darb\u012bbas veidam. Pied\u0101v\u0101jam izstr\u0101d\u0101t j\u016bsu uz\u0146\u0113mumam pilnu ugunsdro\u0161\u012bbas&#8230;<\/p>\n","protected":false},"author":1,"featured_media":0,"parent":0,"menu_order":0,"comment_status":"closed","ping_status":"closed","template":"","meta":[],"acf":[],"yoast_head":"<!-- This site is optimized with the Yoast SEO plugin v19.13 - https:\/\/yoast.com\/wordpress\/plugins\/seo\/ -->\n<title>\u041f\u043e\u0447\u0435\u043c\u0443 \u0432\u044b\u0431\u0438\u0440\u0430\u044e\u0442 \u043d\u0430\u0441? - Ugunsdro\u0161\u012bbas signaliz\u0101ciju\/ier\u012b\u010du apkalpo\u0161ana<\/title>\n<meta name=\"robots\" content=\"index, follow, max-snippet:-1, max-image-preview:large, max-video-preview:-1\" \/>\n<link rel=\"canonical\" href=\"https:\/\/afss.lv\/ru\/pochemu-vybirajut-nas\/\" \/>\n<meta property=\"og:locale\" content=\"ru_RU\" \/>\n<meta property=\"og:type\" content=\"article\" \/>\n<meta property=\"og:title\" content=\"\u041f\u043e\u0447\u0435\u043c\u0443 \u0432\u044b\u0431\u0438\u0440\u0430\u044e\u0442 \u043d\u0430\u0441? - Ugunsdro\u0161\u012bbas signaliz\u0101ciju\/ier\u012b\u010du apkalpo\u0161ana\" \/>\n<meta property=\"og:description\" content=\"J\u016bsu ugunsdro\u0161\u012bba s\u0101kas \u0161eit Savu profesion\u0101lo darb\u012bbu esam uzs\u0101ku\u0161i 2011. gad\u0101, sadarbojamies ar lieliem un maziem da\u017e\u0101du nozaru uz\u0146\u0113mumiem un pakalpojumus sniedzam vis\u0101 Latvijas teritorij\u0101. Atbild\u012bga, godpr\u0101t\u012bga un profesion\u0101la pieeja darbam ar augstu kvalit\u0101ti ir m\u016bsu ikdiena. M\u0113s sp\u0113jam izstr\u0101d\u0101t optim\u0101lu ugunsdro\u0161\u012bbas risin\u0101jumu atbilsto\u0161i j\u016bsu uz\u0146\u0113muma saimniecisk\u0101s darb\u012bbas veidam. Pied\u0101v\u0101jam izstr\u0101d\u0101t j\u016bsu uz\u0146\u0113mumam pilnu ugunsdro\u0161\u012bbas...\" \/>\n<meta property=\"og:url\" content=\"https:\/\/afss.lv\/ru\/pochemu-vybirajut-nas\/\" \/>\n<meta property=\"og:site_name\" content=\"Ugunsdro\u0161\u012bbas signaliz\u0101ciju\/ier\u012b\u010du apkalpo\u0161ana\" \/>\n<meta property=\"article:publisher\" content=\"https:\/\/www.facebook.com\/ugunsdrosibaafss\/\" \/>\n<meta property=\"article:modified_time\" content=\"2020-02-12T17:24:11+00:00\" \/>\n<meta property=\"og:image\" content=\"https:\/\/afss.lv\/wp-content\/uploads\/2020\/02\/gallery6-min.jpg\" \/>\n<meta name=\"twitter:card\" content=\"summary_large_image\" \/>\n<meta name=\"twitter:label1\" content=\"\u041f\u0440\u0438\u043c\u0435\u0440\u043d\u043e\u0435 \u0432\u0440\u0435\u043c\u044f \u0434\u043b\u044f \u0447\u0442\u0435\u043d\u0438\u044f\" \/>\n\t<meta name=\"twitter:data1\" content=\"1 \u043c\u0438\u043d\u0443\u0442\u0430\" \/>\n<script type=\"application\/ld+json\" class=\"yoast-schema-graph\">{\"@context\":\"https:\/\/schema.org\",\"@graph\":[{\"@type\":\"WebPage\",\"@id\":\"https:\/\/afss.lv\/ru\/pochemu-vybirajut-nas\/\",\"url\":\"https:\/\/afss.lv\/ru\/pochemu-vybirajut-nas\/\",\"name\":\"\u041f\u043e\u0447\u0435\u043c\u0443 \u0432\u044b\u0431\u0438\u0440\u0430\u044e\u0442 \u043d\u0430\u0441? - Ugunsdro\u0161\u012bbas signaliz\u0101ciju\/ier\u012b\u010du apkalpo\u0161ana\",\"isPartOf\":{\"@id\":\"https:\/\/afss.lv\/#website\"},\"datePublished\":\"2020-01-27T09:14:27+00:00\",\"dateModified\":\"2020-02-12T17:24:11+00:00\",\"breadcrumb\":{\"@id\":\"https:\/\/afss.lv\/ru\/pochemu-vybirajut-nas\/#breadcrumb\"},\"inLanguage\":\"ru-RU\",\"potentialAction\":[{\"@type\":\"ReadAction\",\"target\":[\"https:\/\/afss.lv\/ru\/pochemu-vybirajut-nas\/\"]}]},{\"@type\":\"BreadcrumbList\",\"@id\":\"https:\/\/afss.lv\/ru\/pochemu-vybirajut-nas\/#breadcrumb\",\"itemListElement\":[{\"@type\":\"ListItem\",\"position\":1,\"name\":\"Home\",\"item\":\"https:\/\/afss.lv\/ru\/\"},{\"@type\":\"ListItem\",\"position\":2,\"name\":\"\u041f\u043e\u0447\u0435\u043c\u0443 \u0432\u044b\u0431\u0438\u0440\u0430\u044e\u0442 \u043d\u0430\u0441?\"}]},{\"@type\":\"WebSite\",\"@id\":\"https:\/\/afss.lv\/#website\",\"url\":\"https:\/\/afss.lv\/\",\"name\":\"Ugunsdro\u0161\u012bbas signaliz\u0101ciju\/ier\u012b\u010du apkalpo\u0161ana\",\"description\":\"Ugunsdz\u0113s\u012bbas sist\u0113mu apkalpo\u0161ana\",\"publisher\":{\"@id\":\"https:\/\/afss.lv\/#organization\"},\"potentialAction\":[{\"@type\":\"SearchAction\",\"target\":{\"@type\":\"EntryPoint\",\"urlTemplate\":\"https:\/\/afss.lv\/?s={search_term_string}\"},\"query-input\":\"required name=search_term_string\"}],\"inLanguage\":\"ru-RU\"},{\"@type\":\"Organization\",\"@id\":\"https:\/\/afss.lv\/#organization\",\"name\":\"SIA \u201eAFSS\u201d\",\"url\":\"https:\/\/afss.lv\/\",\"logo\":{\"@type\":\"ImageObject\",\"inLanguage\":\"ru-RU\",\"@id\":\"https:\/\/afss.lv\/#\/schema\/logo\/image\/\",\"url\":\"https:\/\/afss.lv\/wp-content\/uploads\/2020\/02\/logo.png\",\"contentUrl\":\"https:\/\/afss.lv\/wp-content\/uploads\/2020\/02\/logo.png\",\"width\":170,\"height\":67,\"caption\":\"SIA \u201eAFSS\u201d\"},\"image\":{\"@id\":\"https:\/\/afss.lv\/#\/schema\/logo\/image\/\"},\"sameAs\":[\"https:\/\/www.facebook.com\/ugunsdrosibaafss\/\"]}]}<\/script>\n<!-- \/ Yoast SEO plugin. -->","yoast_head_json":{"title":"\u041f\u043e\u0447\u0435\u043c\u0443 \u0432\u044b\u0431\u0438\u0440\u0430\u044e\u0442 \u043d\u0430\u0441? - Ugunsdro\u0161\u012bbas signaliz\u0101ciju\/ier\u012b\u010du apkalpo\u0161ana","robots":{"index":"index","follow":"follow","max-snippet":"max-snippet:-1","max-image-preview":"max-image-preview:large","max-video-preview":"max-video-preview:-1"},"canonical":"https:\/\/afss.lv\/ru\/pochemu-vybirajut-nas\/","og_locale":"ru_RU","og_type":"article","og_title":"\u041f\u043e\u0447\u0435\u043c\u0443 \u0432\u044b\u0431\u0438\u0440\u0430\u044e\u0442 \u043d\u0430\u0441? - Ugunsdro\u0161\u012bbas signaliz\u0101ciju\/ier\u012b\u010du apkalpo\u0161ana","og_description":"J\u016bsu ugunsdro\u0161\u012bba s\u0101kas \u0161eit Savu profesion\u0101lo darb\u012bbu esam uzs\u0101ku\u0161i 2011. gad\u0101, sadarbojamies ar lieliem un maziem da\u017e\u0101du nozaru uz\u0146\u0113mumiem un pakalpojumus sniedzam vis\u0101 Latvijas teritorij\u0101. Atbild\u012bga, godpr\u0101t\u012bga un profesion\u0101la pieeja darbam ar augstu kvalit\u0101ti ir m\u016bsu ikdiena. M\u0113s sp\u0113jam izstr\u0101d\u0101t optim\u0101lu ugunsdro\u0161\u012bbas risin\u0101jumu atbilsto\u0161i j\u016bsu uz\u0146\u0113muma saimniecisk\u0101s darb\u012bbas veidam. Pied\u0101v\u0101jam izstr\u0101d\u0101t j\u016bsu uz\u0146\u0113mumam pilnu ugunsdro\u0161\u012bbas...","og_url":"https:\/\/afss.lv\/ru\/pochemu-vybirajut-nas\/","og_site_name":"Ugunsdro\u0161\u012bbas signaliz\u0101ciju\/ier\u012b\u010du apkalpo\u0161ana","article_publisher":"https:\/\/www.facebook.com\/ugunsdrosibaafss\/","article_modified_time":"2020-02-12T17:24:11+00:00","og_image":[{"url":"https:\/\/afss.lv\/wp-content\/uploads\/2020\/02\/gallery6-min.jpg"}],"twitter_card":"summary_large_image","twitter_misc":{"\u041f\u0440\u0438\u043c\u0435\u0440\u043d\u043e\u0435 \u0432\u0440\u0435\u043c\u044f \u0434\u043b\u044f \u0447\u0442\u0435\u043d\u0438\u044f":"1 \u043c\u0438\u043d\u0443\u0442\u0430"},"schema":{"@context":"https:\/\/schema.org","@graph":[{"@type":"WebPage","@id":"https:\/\/afss.lv\/ru\/pochemu-vybirajut-nas\/","url":"https:\/\/afss.lv\/ru\/pochemu-vybirajut-nas\/","name":"\u041f\u043e\u0447\u0435\u043c\u0443 \u0432\u044b\u0431\u0438\u0440\u0430\u044e\u0442 \u043d\u0430\u0441? - Ugunsdro\u0161\u012bbas signaliz\u0101ciju\/ier\u012b\u010du apkalpo\u0161ana","isPartOf":{"@id":"https:\/\/afss.lv\/#website"},"datePublished":"2020-01-27T09:14:27+00:00","dateModified":"2020-02-12T17:24:11+00:00","breadcrumb":{"@id":"https:\/\/afss.lv\/ru\/pochemu-vybirajut-nas\/#breadcrumb"},"inLanguage":"ru-RU","potentialAction":[{"@type":"ReadAction","target":["https:\/\/afss.lv\/ru\/pochemu-vybirajut-nas\/"]}]},{"@type":"BreadcrumbList","@id":"https:\/\/afss.lv\/ru\/pochemu-vybirajut-nas\/#breadcrumb","itemListElement":[{"@type":"ListItem","position":1,"name":"Home","item":"https:\/\/afss.lv\/ru\/"},{"@type":"ListItem","position":2,"name":"\u041f\u043e\u0447\u0435\u043c\u0443 \u0432\u044b\u0431\u0438\u0440\u0430\u044e\u0442 \u043d\u0430\u0441?"}]},{"@type":"WebSite","@id":"https:\/\/afss.lv\/#website","url":"https:\/\/afss.lv\/","name":"Ugunsdro\u0161\u012bbas signaliz\u0101ciju\/ier\u012b\u010du apkalpo\u0161ana","description":"Ugunsdz\u0113s\u012bbas sist\u0113mu apkalpo\u0161ana","publisher":{"@id":"https:\/\/afss.lv\/#organization"},"potentialAction":[{"@type":"SearchAction","target":{"@type":"EntryPoint","urlTemplate":"https:\/\/afss.lv\/?s={search_term_string}"},"query-input":"required name=search_term_string"}],"inLanguage":"ru-RU"},{"@type":"Organization","@id":"https:\/\/afss.lv\/#organization","name":"SIA \u201eAFSS\u201d","url":"https:\/\/afss.lv\/","logo":{"@type":"ImageObject","inLanguage":"ru-RU","@id":"https:\/\/afss.lv\/#\/schema\/logo\/image\/","url":"https:\/\/afss.lv\/wp-content\/uploads\/2020\/02\/logo.png","contentUrl":"https:\/\/afss.lv\/wp-content\/uploads\/2020\/02\/logo.png","width":170,"height":67,"caption":"SIA \u201eAFSS\u201d"},"image":{"@id":"https:\/\/afss.lv\/#\/schema\/logo\/image\/"},"sameAs":["https:\/\/www.facebook.com\/ugunsdrosibaafss\/"]}]}},"_links":{"self":[{"href":"https:\/\/afss.lv\/ru\/wp-json\/wp\/v2\/pages\/1208"}],"collection":[{"href":"https:\/\/afss.lv\/ru\/wp-json\/wp\/v2\/pages"}],"about":[{"href":"https:\/\/afss.lv\/ru\/wp-json\/wp\/v2\/types\/page"}],"author":[{"embeddable":true,"href":"https:\/\/afss.lv\/ru\/wp-json\/wp\/v2\/users\/1"}],"replies":[{"embeddable":true,"href":"https:\/\/afss.lv\/ru\/wp-json\/wp\/v2\/comments?post=1208"}],"version-history":[{"count":6,"href":"https:\/\/afss.lv\/ru\/wp-json\/wp\/v2\/pages\/1208\/revisions"}],"predecessor-version":[{"id":1475,"href":"https:\/\/afss.lv\/ru\/wp-json\/wp\/v2\/pages\/1208\/revisions\/1475"}],"wp:attachment":[{"href":"https:\/\/afss.lv\/ru\/wp-json\/wp\/v2\/media?parent=1208"}],"curies":[{"name":"wp","href":"https:\/\/api.w.org\/{rel}","templated":true}]}}