{"id":1277,"date":"2020-01-27T11:06:35","date_gmt":"2020-01-27T09:06:35","guid":{"rendered":"https:\/\/afss.lv\/pakalpojumi\/"},"modified":"2020-02-12T19:25:05","modified_gmt":"2020-02-12T17:25:05","slug":"servisy","status":"publish","type":"page","link":"https:\/\/afss.lv\/ru\/servisy\/","title":{"rendered":"\u0421\u0435\u0440\u0432\u0438\u0441\u044b"},"content":{"rendered":"","protected":false},"excerpt":{"rendered":"","protected":false},"author":1,"featured_media":0,"parent":0,"menu_order":0,"comment_status":"closed","ping_status":"closed","template":"services.php","meta":[],"acf":[],"yoast_head":"<!-- This site is optimized with the Yoast SEO plugin v19.13 - https:\/\/yoast.com\/wordpress\/plugins\/seo\/ -->\n<title>\u0421\u0435\u0440\u0432\u0438\u0441\u044b - Ugunsdro\u0161\u012bbas signaliz\u0101ciju\/ier\u012b\u010du apkalpo\u0161ana<\/title>\n<meta name=\"robots\" content=\"index, follow, max-snippet:-1, max-image-preview:large, max-video-preview:-1\" \/>\n<link rel=\"canonical\" href=\"https:\/\/afss.lv\/ru\/servisy\/\" \/>\n<meta property=\"og:locale\" content=\"ru_RU\" \/>\n<meta property=\"og:type\" content=\"article\" \/>\n<meta property=\"og:title\" content=\"\u0421\u0435\u0440\u0432\u0438\u0441\u044b - Ugunsdro\u0161\u012bbas signaliz\u0101ciju\/ier\u012b\u010du apkalpo\u0161ana\" \/>\n<meta property=\"og:url\" content=\"https:\/\/afss.lv\/ru\/servisy\/\" \/>\n<meta property=\"og:site_name\" content=\"Ugunsdro\u0161\u012bbas signaliz\u0101ciju\/ier\u012b\u010du apkalpo\u0161ana\" \/>\n<meta property=\"article:publisher\" content=\"https:\/\/www.facebook.com\/ugunsdrosibaafss\/\" \/>\n<meta property=\"article:modified_time\" content=\"2020-02-12T17:25:05+00:00\" \/>\n<meta name=\"twitter:card\" content=\"summary_large_image\" \/>\n<script type=\"application\/ld+json\" class=\"yoast-schema-graph\">{\"@context\":\"https:\/\/schema.org\",\"@graph\":[{\"@type\":\"WebPage\",\"@id\":\"https:\/\/afss.lv\/ru\/servisy\/\",\"url\":\"https:\/\/afss.lv\/ru\/servisy\/\",\"name\":\"\u0421\u0435\u0440\u0432\u0438\u0441\u044b - Ugunsdro\u0161\u012bbas signaliz\u0101ciju\/ier\u012b\u010du apkalpo\u0161ana\",\"isPartOf\":{\"@id\":\"https:\/\/afss.lv\/#website\"},\"datePublished\":\"2020-01-27T09:06:35+00:00\",\"dateModified\":\"2020-02-12T17:25:05+00:00\",\"breadcrumb\":{\"@id\":\"https:\/\/afss.lv\/ru\/servisy\/#breadcrumb\"},\"inLanguage\":\"ru-RU\",\"potentialAction\":[{\"@type\":\"ReadAction\",\"target\":[\"https:\/\/afss.lv\/ru\/servisy\/\"]}]},{\"@type\":\"BreadcrumbList\",\"@id\":\"https:\/\/afss.lv\/ru\/servisy\/#breadcrumb\",\"itemListElement\":[{\"@type\":\"ListItem\",\"position\":1,\"name\":\"Home\",\"item\":\"https:\/\/afss.lv\/ru\/\"},{\"@type\":\"ListItem\",\"position\":2,\"name\":\"\u0421\u0435\u0440\u0432\u0438\u0441\u044b\"}]},{\"@type\":\"WebSite\",\"@id\":\"https:\/\/afss.lv\/#website\",\"url\":\"https:\/\/afss.lv\/\",\"name\":\"Ugunsdro\u0161\u012bbas signaliz\u0101ciju\/ier\u012b\u010du apkalpo\u0161ana\",\"description\":\"Ugunsdz\u0113s\u012bbas sist\u0113mu apkalpo\u0161ana\",\"publisher\":{\"@id\":\"https:\/\/afss.lv\/#organization\"},\"potentialAction\":[{\"@type\":\"SearchAction\",\"target\":{\"@type\":\"EntryPoint\",\"urlTemplate\":\"https:\/\/afss.lv\/?s={search_term_string}\"},\"query-input\":\"required name=search_term_string\"}],\"inLanguage\":\"ru-RU\"},{\"@type\":\"Organization\",\"@id\":\"https:\/\/afss.lv\/#organization\",\"name\":\"SIA \u201eAFSS\u201d\",\"url\":\"https:\/\/afss.lv\/\",\"logo\":{\"@type\":\"ImageObject\",\"inLanguage\":\"ru-RU\",\"@id\":\"https:\/\/afss.lv\/#\/schema\/logo\/image\/\",\"url\":\"https:\/\/afss.lv\/wp-content\/uploads\/2020\/02\/logo.png\",\"contentUrl\":\"https:\/\/afss.lv\/wp-content\/uploads\/2020\/02\/logo.png\",\"width\":170,\"height\":67,\"caption\":\"SIA \u201eAFSS\u201d\"},\"image\":{\"@id\":\"https:\/\/afss.lv\/#\/schema\/logo\/image\/\"},\"sameAs\":[\"https:\/\/www.facebook.com\/ugunsdrosibaafss\/\"]}]}<\/script>\n<!-- \/ Yoast SEO plugin. -->","yoast_head_json":{"title":"\u0421\u0435\u0440\u0432\u0438\u0441\u044b - Ugunsdro\u0161\u012bbas signaliz\u0101ciju\/ier\u012b\u010du apkalpo\u0161ana","robots":{"index":"index","follow":"follow","max-snippet":"max-snippet:-1","max-image-preview":"max-image-preview:large","max-video-preview":"max-video-preview:-1"},"canonical":"https:\/\/afss.lv\/ru\/servisy\/","og_locale":"ru_RU","og_type":"article","og_title":"\u0421\u0435\u0440\u0432\u0438\u0441\u044b - Ugunsdro\u0161\u012bbas signaliz\u0101ciju\/ier\u012b\u010du apkalpo\u0161ana","og_url":"https:\/\/afss.lv\/ru\/servisy\/","og_site_name":"Ugunsdro\u0161\u012bbas signaliz\u0101ciju\/ier\u012b\u010du apkalpo\u0161ana","article_publisher":"https:\/\/www.facebook.com\/ugunsdrosibaafss\/","article_modified_time":"2020-02-12T17:25:05+00:00","twitter_card":"summary_large_image","schema":{"@context":"https:\/\/schema.org","@graph":[{"@type":"WebPage","@id":"https:\/\/afss.lv\/ru\/servisy\/","url":"https:\/\/afss.lv\/ru\/servisy\/","name":"\u0421\u0435\u0440\u0432\u0438\u0441\u044b - Ugunsdro\u0161\u012bbas signaliz\u0101ciju\/ier\u012b\u010du apkalpo\u0161ana","isPartOf":{"@id":"https:\/\/afss.lv\/#website"},"datePublished":"2020-01-27T09:06:35+00:00","dateModified":"2020-02-12T17:25:05+00:00","breadcrumb":{"@id":"https:\/\/afss.lv\/ru\/servisy\/#breadcrumb"},"inLanguage":"ru-RU","potentialAction":[{"@type":"ReadAction","target":["https:\/\/afss.lv\/ru\/servisy\/"]}]},{"@type":"BreadcrumbList","@id":"https:\/\/afss.lv\/ru\/servisy\/#breadcrumb","itemListElement":[{"@type":"ListItem","position":1,"name":"Home","item":"https:\/\/afss.lv\/ru\/"},{"@type":"ListItem","position":2,"name":"\u0421\u0435\u0440\u0432\u0438\u0441\u044b"}]},{"@type":"WebSite","@id":"https:\/\/afss.lv\/#website","url":"https:\/\/afss.lv\/","name":"Ugunsdro\u0161\u012bbas signaliz\u0101ciju\/ier\u012b\u010du apkalpo\u0161ana","description":"Ugunsdz\u0113s\u012bbas sist\u0113mu apkalpo\u0161ana","publisher":{"@id":"https:\/\/afss.lv\/#organization"},"potentialAction":[{"@type":"SearchAction","target":{"@type":"EntryPoint","urlTemplate":"https:\/\/afss.lv\/?s={search_term_string}"},"query-input":"required name=search_term_string"}],"inLanguage":"ru-RU"},{"@type":"Organization","@id":"https:\/\/afss.lv\/#organization","name":"SIA \u201eAFSS\u201d","url":"https:\/\/afss.lv\/","logo":{"@type":"ImageObject","inLanguage":"ru-RU","@id":"https:\/\/afss.lv\/#\/schema\/logo\/image\/","url":"https:\/\/afss.lv\/wp-content\/uploads\/2020\/02\/logo.png","contentUrl":"https:\/\/afss.lv\/wp-content\/uploads\/2020\/02\/logo.png","width":170,"height":67,"caption":"SIA \u201eAFSS\u201d"},"image":{"@id":"https:\/\/afss.lv\/#\/schema\/logo\/image\/"},"sameAs":["https:\/\/www.facebook.com\/ugunsdrosibaafss\/"]}]}},"_links":{"self":[{"href":"https:\/\/afss.lv\/ru\/wp-json\/wp\/v2\/pages\/1277"}],"collection":[{"href":"https:\/\/afss.lv\/ru\/wp-json\/wp\/v2\/pages"}],"about":[{"href":"https:\/\/afss.lv\/ru\/wp-json\/wp\/v2\/types\/page"}],"author":[{"embeddable":true,"href":"https:\/\/afss.lv\/ru\/wp-json\/wp\/v2\/users\/1"}],"replies":[{"embeddable":true,"href":"https:\/\/afss.lv\/ru\/wp-json\/wp\/v2\/comments?post=1277"}],"version-history":[{"count":1,"href":"https:\/\/afss.lv\/ru\/wp-json\/wp\/v2\/pages\/1277\/revisions"}],"predecessor-version":[{"id":1477,"href":"https:\/\/afss.lv\/ru\/wp-json\/wp\/v2\/pages\/1277\/revisions\/1477"}],"wp:attachment":[{"href":"https:\/\/afss.lv\/ru\/wp-json\/wp\/v2\/media?parent=1277"}],"curies":[{"name":"wp","href":"https:\/\/api.w.org\/{rel}","templated":true}]}}