{"id":1323,"date":"2020-02-04T10:49:11","date_gmt":"2020-02-04T08:49:11","guid":{"rendered":"https:\/\/afss.lv\/pakalpojumi\/darba-drosibas-dokumentacija-un-realizacija-jusu-uznemuma\/"},"modified":"2020-02-12T11:43:44","modified_gmt":"2020-02-12T09:43:44","slug":"opisanie-uslug-po-ohrane-truda","status":"publish","type":"page","link":"https:\/\/afss.lv\/ru\/servisy\/opisanie-uslug-po-ohrane-truda\/","title":{"rendered":"\u041e\u043f\u0438\u0441\u0430\u043d\u0438\u0435 \u0443\u0441\u043b\u0443\u0433 \u043f\u043e \u043e\u0445\u0440\u0430\u043d\u0435 \u0442\u0440\u0443\u0434\u0430"},"content":{"rendered":"<p>1. \u041f\u0440\u043e\u0432\u0435\u0434\u0435\u043d\u0438\u0435 \u043f\u0440\u043e\u0432\u0435\u0440\u043e\u043a \u0441\u0438\u0441\u0442\u0435\u043c\u044b \u043e\u0445\u0440\u0430\u043d\u044b \u0442\u0440\u0443\u0434\u0430 \u0438 \u043e\u043f\u0440\u0435\u0434\u0435\u043b\u0435\u043d\u0438\u0435 \u0441\u043e\u043e\u0442\u0432\u0435\u0442\u0441\u0442\u0432\u0438\u044f \u043f\u0440\u0435\u0434\u043f\u0440\u0438\u044f\u0442\u0438\u044f \u0442\u0440\u0435\u0431\u043e\u0432\u0430\u043d\u0438\u044f\u043c \u043d\u043e\u0440\u043c\u0430\u0442\u0438\u0432\u043d\u044b\u0445 \u0430\u043a\u0442\u043e\u0432<br \/>\n2. \u0420\u0430\u0437\u0440\u0430\u0431\u043e\u0442\u043a\u0430, \u0432\u043d\u0435\u0434\u0440\u0435\u043d\u0438\u0435 \u0438 \u043f\u043e\u0434\u0434\u0435\u0440\u0436\u0430\u043d\u0438\u0435 \u043e\u0440\u0433\u0430\u043d\u0438\u0437\u0430\u0446\u0438\u043e\u043d\u043d\u043e\u0439 \u0441\u0442\u0440\u0443\u043a\u0442\u0443\u0440\u044b \u043e\u0445\u0440\u0430\u043d\u044b \u0442\u0440\u0443\u0434\u0430 \u043d\u0430 \u043f\u0440\u0435\u0434\u043f\u0440\u0438\u044f\u0442\u0438\u0438<br \/>\n3. \u0412\u043d\u0443\u0442\u0440\u0435\u043d\u043d\u0438\u0439 \u043c\u043e\u043d\u0438\u0442\u043e\u0440\u0438\u043d\u0433 \u0440\u0430\u0431\u043e\u0447\u0435\u0439 \u0441\u0440\u0435\u0434\u044b, \u0432\u043a\u043b\u044e\u0447\u0430\u044f \u043e\u0446\u0435\u043d\u043a\u0443 \u0444\u0430\u043a\u0442\u043e\u0440\u043e\u0432 \u0440\u0438\u0441\u043a\u0430 \u0440\u0430\u0431\u043e\u0447\u0435\u0439 \u0441\u0440\u0435\u0434\u044b<br \/>\n4. \u041f\u043e\u0434\u0433\u043e\u0442\u043e\u0432\u043a\u0430 \u0434\u043e\u043a\u0443\u043c\u0435\u043d\u0442\u043e\u0432 \u043f\u043e \u043e\u0445\u0440\u0430\u043d\u0435 \u0442\u0440\u0443\u0434\u0430 (\u0438\u043d\u0441\u0442\u0440\u0443\u043a\u0446\u0438\u0438 \u043f\u043e \u043e\u0445\u0440\u0430\u043d\u0435 \u0442\u0440\u0443\u0434\u0430, \u0441\u043f\u0438\u0441\u043a\u0438, \u043f\u0440\u043e\u0435\u043a\u0442\u044b \u043f\u0440\u0438\u043a\u0430\u0437\u043e\u0432, \u043f\u043b\u0430\u043d\u044b \u043c\u0435\u0440\u043e\u043f\u0440\u0438\u044f\u0442\u0438\u0439 \u043f\u043e \u043e\u0445\u0440\u0430\u043d\u0435 \u0442\u0440\u0443\u0434\u0430 \u0438 \u0434\u0440.)<br \/>\n5. \u041e\u043f\u0440\u0435\u0434\u0435\u043b\u0435\u043d\u0438\u0435 \u043c\u0435\u0440, \u043d\u0435\u043e\u0431\u0445\u043e\u0434\u0438\u043c\u044b\u0445 \u0434\u043b\u044f \u0443\u043b\u0443\u0447\u0448\u0435\u043d\u0438\u044f \u0440\u0430\u0431\u043e\u0447\u0435\u0439 \u0441\u0440\u0435\u0434\u044b<br \/>\n6. \u0422\u0435\u043e\u0440\u0435\u0442\u0438\u0447\u0435\u0441\u043a\u0430\u044f \u0438 \u043f\u0440\u0430\u043a\u0442\u0438\u0447\u0435\u0441\u043a\u0430\u044f \u043f\u043e\u0434\u0433\u043e\u0442\u043e\u0432\u043a\u0430 \u0440\u0430\u0431\u043e\u0442\u043d\u0438\u043a\u043e\u0432 \u043f\u043e \u0432\u043e\u043f\u0440\u043e\u0441\u0430\u043c \u043e\u0445\u0440\u0430\u043d\u044b \u0442\u0440\u0443\u0434\u0430<br \/>\n7. \u0420\u0430\u0441\u0441\u043b\u0435\u0434\u043e\u0432\u0430\u043d\u0438\u0435 \u043d\u0435\u0441\u0447\u0430\u0441\u0442\u043d\u044b\u0445 \u0441\u043b\u0443\u0447\u0430\u0435\u0432 \u043d\u0430 \u043f\u0440\u043e\u0438\u0437\u0432\u043e\u0434\u0441\u0442\u0432\u0435<br \/>\n8. \u041e\u043f\u0440\u0435\u0434\u0435\u043b\u0435\u043d\u0438\u0435, \u043f\u043b\u0430\u043d\u0438\u0440\u043e\u0432\u0430\u043d\u0438\u0435, \u043e\u0440\u0433\u0430\u043d\u0438\u0437\u0430\u0446\u0438\u044f \u043e\u0431\u044f\u0437\u0430\u0442\u0435\u043b\u044c\u043d\u044b\u0445 \u043c\u0435\u0434\u0438\u0446\u0438\u043d\u0441\u043a\u0438\u0445 \u043e\u0441\u043c\u043e\u0442\u0440\u043e\u0432 \u0438 \u0430\u0434\u043c\u0438\u043d\u0438\u0441\u0442\u0440\u0438\u0440\u043e\u0432\u0430\u043d\u0438\u0435 \u0441\u0438\u0441\u0442\u0435\u043c\u044b \u0443\u0447\u0435\u0442\u0430<br \/>\n9. \u041a\u043e\u043d\u0441\u0443\u043b\u044c\u0442\u0430\u0446\u0438\u0438 \u043f\u043e \u043e\u0445\u0440\u0430\u043d\u0435 \u0442\u0440\u0443\u0434\u0430<\/p>\n","protected":false},"excerpt":{"rendered":"<p>1. \u041f\u0440\u043e\u0432\u0435\u0434\u0435\u043d\u0438\u0435 \u043f\u0440\u043e\u0432\u0435\u0440\u043e\u043a \u0441\u0438\u0441\u0442\u0435\u043c\u044b \u043e\u0445\u0440\u0430\u043d\u044b \u0442\u0440\u0443\u0434\u0430 \u0438 \u043e\u043f\u0440\u0435\u0434\u0435\u043b\u0435\u043d\u0438\u0435 \u0441\u043e\u043e\u0442\u0432\u0435\u0442\u0441\u0442\u0432\u0438\u044f \u043f\u0440\u0435\u0434\u043f\u0440\u0438\u044f\u0442\u0438\u044f \u0442\u0440\u0435\u0431\u043e\u0432\u0430\u043d\u0438\u044f\u043c \u043d\u043e\u0440\u043c\u0430\u0442\u0438\u0432\u043d\u044b\u0445 \u0430\u043a\u0442\u043e\u0432 2. \u0420\u0430\u0437\u0440\u0430\u0431\u043e\u0442\u043a\u0430, \u0432\u043d\u0435\u0434\u0440\u0435\u043d\u0438\u0435 \u0438 \u043f\u043e\u0434\u0434\u0435\u0440\u0436\u0430\u043d\u0438\u0435 \u043e\u0440\u0433\u0430\u043d\u0438\u0437\u0430\u0446\u0438\u043e\u043d\u043d\u043e\u0439 \u0441\u0442\u0440\u0443\u043a\u0442\u0443\u0440\u044b \u043e\u0445\u0440\u0430\u043d\u044b \u0442\u0440\u0443\u0434\u0430 \u043d\u0430 \u043f\u0440\u0435\u0434\u043f\u0440\u0438\u044f\u0442\u0438\u0438 3. \u0412\u043d\u0443\u0442\u0440\u0435\u043d\u043d\u0438\u0439 \u043c\u043e\u043d\u0438\u0442\u043e\u0440\u0438\u043d\u0433 \u0440\u0430\u0431\u043e\u0447\u0435\u0439 \u0441\u0440\u0435\u0434\u044b, \u0432\u043a\u043b\u044e\u0447\u0430\u044f \u043e\u0446\u0435\u043d\u043a\u0443 \u0444\u0430\u043a\u0442\u043e\u0440\u043e\u0432 \u0440\u0438\u0441\u043a\u0430 \u0440\u0430\u0431\u043e\u0447\u0435\u0439 \u0441\u0440\u0435\u0434\u044b 4. \u041f\u043e\u0434\u0433\u043e\u0442\u043e\u0432\u043a\u0430 \u0434\u043e\u043a\u0443\u043c\u0435\u043d\u0442\u043e\u0432 \u043f\u043e \u043e\u0445\u0440\u0430\u043d\u0435 \u0442\u0440\u0443\u0434\u0430 (\u0438\u043d\u0441\u0442\u0440\u0443\u043a\u0446\u0438\u0438 \u043f\u043e \u043e\u0445\u0440\u0430\u043d\u0435 \u0442\u0440\u0443\u0434\u0430, \u0441\u043f\u0438\u0441\u043a\u0438, \u043f\u0440\u043e\u0435\u043a\u0442\u044b \u043f\u0440\u0438\u043a\u0430\u0437\u043e\u0432, \u043f\u043b\u0430\u043d\u044b \u043c\u0435\u0440\u043e\u043f\u0440\u0438\u044f\u0442\u0438\u0439 \u043f\u043e \u043e\u0445\u0440\u0430\u043d\u0435 \u0442\u0440\u0443\u0434\u0430 \u0438 \u0434\u0440.)&#8230;<\/p>\n","protected":false},"author":2,"featured_media":0,"parent":1277,"menu_order":0,"comment_status":"closed","ping_status":"closed","template":"","meta":[],"acf":[],"yoast_head":"<!-- This site is optimized with the Yoast SEO plugin v19.13 - https:\/\/yoast.com\/wordpress\/plugins\/seo\/ -->\n<title>\u041e\u043f\u0438\u0441\u0430\u043d\u0438\u0435 \u0443\u0441\u043b\u0443\u0433 \u043f\u043e \u043e\u0445\u0440\u0430\u043d\u0435 \u0442\u0440\u0443\u0434\u0430 - Ugunsdro\u0161\u012bbas signaliz\u0101ciju\/ier\u012b\u010du apkalpo\u0161ana<\/title>\n<meta name=\"robots\" content=\"index, follow, max-snippet:-1, max-image-preview:large, max-video-preview:-1\" \/>\n<link rel=\"canonical\" href=\"https:\/\/afss.lv\/ru\/servisy\/opisanie-uslug-po-ohrane-truda\/\" \/>\n<meta property=\"og:locale\" content=\"ru_RU\" \/>\n<meta property=\"og:type\" content=\"article\" \/>\n<meta property=\"og:title\" content=\"\u041e\u043f\u0438\u0441\u0430\u043d\u0438\u0435 \u0443\u0441\u043b\u0443\u0433 \u043f\u043e \u043e\u0445\u0440\u0430\u043d\u0435 \u0442\u0440\u0443\u0434\u0430 - Ugunsdro\u0161\u012bbas signaliz\u0101ciju\/ier\u012b\u010du apkalpo\u0161ana\" \/>\n<meta property=\"og:description\" content=\"1. \u041f\u0440\u043e\u0432\u0435\u0434\u0435\u043d\u0438\u0435 \u043f\u0440\u043e\u0432\u0435\u0440\u043e\u043a \u0441\u0438\u0441\u0442\u0435\u043c\u044b \u043e\u0445\u0440\u0430\u043d\u044b \u0442\u0440\u0443\u0434\u0430 \u0438 \u043e\u043f\u0440\u0435\u0434\u0435\u043b\u0435\u043d\u0438\u0435 \u0441\u043e\u043e\u0442\u0432\u0435\u0442\u0441\u0442\u0432\u0438\u044f \u043f\u0440\u0435\u0434\u043f\u0440\u0438\u044f\u0442\u0438\u044f \u0442\u0440\u0435\u0431\u043e\u0432\u0430\u043d\u0438\u044f\u043c \u043d\u043e\u0440\u043c\u0430\u0442\u0438\u0432\u043d\u044b\u0445 \u0430\u043a\u0442\u043e\u0432 2. \u0420\u0430\u0437\u0440\u0430\u0431\u043e\u0442\u043a\u0430, \u0432\u043d\u0435\u0434\u0440\u0435\u043d\u0438\u0435 \u0438 \u043f\u043e\u0434\u0434\u0435\u0440\u0436\u0430\u043d\u0438\u0435 \u043e\u0440\u0433\u0430\u043d\u0438\u0437\u0430\u0446\u0438\u043e\u043d\u043d\u043e\u0439 \u0441\u0442\u0440\u0443\u043a\u0442\u0443\u0440\u044b \u043e\u0445\u0440\u0430\u043d\u044b \u0442\u0440\u0443\u0434\u0430 \u043d\u0430 \u043f\u0440\u0435\u0434\u043f\u0440\u0438\u044f\u0442\u0438\u0438 3. \u0412\u043d\u0443\u0442\u0440\u0435\u043d\u043d\u0438\u0439 \u043c\u043e\u043d\u0438\u0442\u043e\u0440\u0438\u043d\u0433 \u0440\u0430\u0431\u043e\u0447\u0435\u0439 \u0441\u0440\u0435\u0434\u044b, \u0432\u043a\u043b\u044e\u0447\u0430\u044f \u043e\u0446\u0435\u043d\u043a\u0443 \u0444\u0430\u043a\u0442\u043e\u0440\u043e\u0432 \u0440\u0438\u0441\u043a\u0430 \u0440\u0430\u0431\u043e\u0447\u0435\u0439 \u0441\u0440\u0435\u0434\u044b 4. \u041f\u043e\u0434\u0433\u043e\u0442\u043e\u0432\u043a\u0430 \u0434\u043e\u043a\u0443\u043c\u0435\u043d\u0442\u043e\u0432 \u043f\u043e \u043e\u0445\u0440\u0430\u043d\u0435 \u0442\u0440\u0443\u0434\u0430 (\u0438\u043d\u0441\u0442\u0440\u0443\u043a\u0446\u0438\u0438 \u043f\u043e \u043e\u0445\u0440\u0430\u043d\u0435 \u0442\u0440\u0443\u0434\u0430, \u0441\u043f\u0438\u0441\u043a\u0438, \u043f\u0440\u043e\u0435\u043a\u0442\u044b \u043f\u0440\u0438\u043a\u0430\u0437\u043e\u0432, \u043f\u043b\u0430\u043d\u044b \u043c\u0435\u0440\u043e\u043f\u0440\u0438\u044f\u0442\u0438\u0439 \u043f\u043e \u043e\u0445\u0440\u0430\u043d\u0435 \u0442\u0440\u0443\u0434\u0430 \u0438 \u0434\u0440.)...\" \/>\n<meta property=\"og:url\" content=\"https:\/\/afss.lv\/ru\/servisy\/opisanie-uslug-po-ohrane-truda\/\" \/>\n<meta property=\"og:site_name\" content=\"Ugunsdro\u0161\u012bbas signaliz\u0101ciju\/ier\u012b\u010du apkalpo\u0161ana\" \/>\n<meta property=\"article:publisher\" content=\"https:\/\/www.facebook.com\/ugunsdrosibaafss\/\" \/>\n<meta property=\"article:modified_time\" content=\"2020-02-12T09:43:44+00:00\" \/>\n<meta name=\"twitter:card\" content=\"summary_large_image\" \/>\n<script type=\"application\/ld+json\" class=\"yoast-schema-graph\">{\"@context\":\"https:\/\/schema.org\",\"@graph\":[{\"@type\":\"WebPage\",\"@id\":\"https:\/\/afss.lv\/ru\/servisy\/opisanie-uslug-po-ohrane-truda\/\",\"url\":\"https:\/\/afss.lv\/ru\/servisy\/opisanie-uslug-po-ohrane-truda\/\",\"name\":\"\u041e\u043f\u0438\u0441\u0430\u043d\u0438\u0435 \u0443\u0441\u043b\u0443\u0433 \u043f\u043e \u043e\u0445\u0440\u0430\u043d\u0435 \u0442\u0440\u0443\u0434\u0430 - Ugunsdro\u0161\u012bbas signaliz\u0101ciju\/ier\u012b\u010du apkalpo\u0161ana\",\"isPartOf\":{\"@id\":\"https:\/\/afss.lv\/#website\"},\"datePublished\":\"2020-02-04T08:49:11+00:00\",\"dateModified\":\"2020-02-12T09:43:44+00:00\",\"breadcrumb\":{\"@id\":\"https:\/\/afss.lv\/ru\/servisy\/opisanie-uslug-po-ohrane-truda\/#breadcrumb\"},\"inLanguage\":\"ru-RU\",\"potentialAction\":[{\"@type\":\"ReadAction\",\"target\":[\"https:\/\/afss.lv\/ru\/servisy\/opisanie-uslug-po-ohrane-truda\/\"]}]},{\"@type\":\"BreadcrumbList\",\"@id\":\"https:\/\/afss.lv\/ru\/servisy\/opisanie-uslug-po-ohrane-truda\/#breadcrumb\",\"itemListElement\":[{\"@type\":\"ListItem\",\"position\":1,\"name\":\"Home\",\"item\":\"https:\/\/afss.lv\/ru\/\"},{\"@type\":\"ListItem\",\"position\":2,\"name\":\"\u0421\u0435\u0440\u0432\u0438\u0441\u044b\",\"item\":\"https:\/\/afss.lv\/ru\/servisy\/\"},{\"@type\":\"ListItem\",\"position\":3,\"name\":\"\u041e\u043f\u0438\u0441\u0430\u043d\u0438\u0435 \u0443\u0441\u043b\u0443\u0433 \u043f\u043e \u043e\u0445\u0440\u0430\u043d\u0435 \u0442\u0440\u0443\u0434\u0430\"}]},{\"@type\":\"WebSite\",\"@id\":\"https:\/\/afss.lv\/#website\",\"url\":\"https:\/\/afss.lv\/\",\"name\":\"Ugunsdro\u0161\u012bbas signaliz\u0101ciju\/ier\u012b\u010du apkalpo\u0161ana\",\"description\":\"Ugunsdz\u0113s\u012bbas sist\u0113mu apkalpo\u0161ana\",\"publisher\":{\"@id\":\"https:\/\/afss.lv\/#organization\"},\"potentialAction\":[{\"@type\":\"SearchAction\",\"target\":{\"@type\":\"EntryPoint\",\"urlTemplate\":\"https:\/\/afss.lv\/?s={search_term_string}\"},\"query-input\":\"required name=search_term_string\"}],\"inLanguage\":\"ru-RU\"},{\"@type\":\"Organization\",\"@id\":\"https:\/\/afss.lv\/#organization\",\"name\":\"SIA \u201eAFSS\u201d\",\"url\":\"https:\/\/afss.lv\/\",\"logo\":{\"@type\":\"ImageObject\",\"inLanguage\":\"ru-RU\",\"@id\":\"https:\/\/afss.lv\/#\/schema\/logo\/image\/\",\"url\":\"https:\/\/afss.lv\/wp-content\/uploads\/2020\/02\/logo.png\",\"contentUrl\":\"https:\/\/afss.lv\/wp-content\/uploads\/2020\/02\/logo.png\",\"width\":170,\"height\":67,\"caption\":\"SIA \u201eAFSS\u201d\"},\"image\":{\"@id\":\"https:\/\/afss.lv\/#\/schema\/logo\/image\/\"},\"sameAs\":[\"https:\/\/www.facebook.com\/ugunsdrosibaafss\/\"]}]}<\/script>\n<!-- \/ Yoast SEO plugin. -->","yoast_head_json":{"title":"\u041e\u043f\u0438\u0441\u0430\u043d\u0438\u0435 \u0443\u0441\u043b\u0443\u0433 \u043f\u043e \u043e\u0445\u0440\u0430\u043d\u0435 \u0442\u0440\u0443\u0434\u0430 - Ugunsdro\u0161\u012bbas signaliz\u0101ciju\/ier\u012b\u010du apkalpo\u0161ana","robots":{"index":"index","follow":"follow","max-snippet":"max-snippet:-1","max-image-preview":"max-image-preview:large","max-video-preview":"max-video-preview:-1"},"canonical":"https:\/\/afss.lv\/ru\/servisy\/opisanie-uslug-po-ohrane-truda\/","og_locale":"ru_RU","og_type":"article","og_title":"\u041e\u043f\u0438\u0441\u0430\u043d\u0438\u0435 \u0443\u0441\u043b\u0443\u0433 \u043f\u043e \u043e\u0445\u0440\u0430\u043d\u0435 \u0442\u0440\u0443\u0434\u0430 - Ugunsdro\u0161\u012bbas signaliz\u0101ciju\/ier\u012b\u010du apkalpo\u0161ana","og_description":"1. \u041f\u0440\u043e\u0432\u0435\u0434\u0435\u043d\u0438\u0435 \u043f\u0440\u043e\u0432\u0435\u0440\u043e\u043a \u0441\u0438\u0441\u0442\u0435\u043c\u044b \u043e\u0445\u0440\u0430\u043d\u044b \u0442\u0440\u0443\u0434\u0430 \u0438 \u043e\u043f\u0440\u0435\u0434\u0435\u043b\u0435\u043d\u0438\u0435 \u0441\u043e\u043e\u0442\u0432\u0435\u0442\u0441\u0442\u0432\u0438\u044f \u043f\u0440\u0435\u0434\u043f\u0440\u0438\u044f\u0442\u0438\u044f \u0442\u0440\u0435\u0431\u043e\u0432\u0430\u043d\u0438\u044f\u043c \u043d\u043e\u0440\u043c\u0430\u0442\u0438\u0432\u043d\u044b\u0445 \u0430\u043a\u0442\u043e\u0432 2. \u0420\u0430\u0437\u0440\u0430\u0431\u043e\u0442\u043a\u0430, \u0432\u043d\u0435\u0434\u0440\u0435\u043d\u0438\u0435 \u0438 \u043f\u043e\u0434\u0434\u0435\u0440\u0436\u0430\u043d\u0438\u0435 \u043e\u0440\u0433\u0430\u043d\u0438\u0437\u0430\u0446\u0438\u043e\u043d\u043d\u043e\u0439 \u0441\u0442\u0440\u0443\u043a\u0442\u0443\u0440\u044b \u043e\u0445\u0440\u0430\u043d\u044b \u0442\u0440\u0443\u0434\u0430 \u043d\u0430 \u043f\u0440\u0435\u0434\u043f\u0440\u0438\u044f\u0442\u0438\u0438 3. \u0412\u043d\u0443\u0442\u0440\u0435\u043d\u043d\u0438\u0439 \u043c\u043e\u043d\u0438\u0442\u043e\u0440\u0438\u043d\u0433 \u0440\u0430\u0431\u043e\u0447\u0435\u0439 \u0441\u0440\u0435\u0434\u044b, \u0432\u043a\u043b\u044e\u0447\u0430\u044f \u043e\u0446\u0435\u043d\u043a\u0443 \u0444\u0430\u043a\u0442\u043e\u0440\u043e\u0432 \u0440\u0438\u0441\u043a\u0430 \u0440\u0430\u0431\u043e\u0447\u0435\u0439 \u0441\u0440\u0435\u0434\u044b 4. \u041f\u043e\u0434\u0433\u043e\u0442\u043e\u0432\u043a\u0430 \u0434\u043e\u043a\u0443\u043c\u0435\u043d\u0442\u043e\u0432 \u043f\u043e \u043e\u0445\u0440\u0430\u043d\u0435 \u0442\u0440\u0443\u0434\u0430 (\u0438\u043d\u0441\u0442\u0440\u0443\u043a\u0446\u0438\u0438 \u043f\u043e \u043e\u0445\u0440\u0430\u043d\u0435 \u0442\u0440\u0443\u0434\u0430, \u0441\u043f\u0438\u0441\u043a\u0438, \u043f\u0440\u043e\u0435\u043a\u0442\u044b \u043f\u0440\u0438\u043a\u0430\u0437\u043e\u0432, \u043f\u043b\u0430\u043d\u044b \u043c\u0435\u0440\u043e\u043f\u0440\u0438\u044f\u0442\u0438\u0439 \u043f\u043e \u043e\u0445\u0440\u0430\u043d\u0435 \u0442\u0440\u0443\u0434\u0430 \u0438 \u0434\u0440.)...","og_url":"https:\/\/afss.lv\/ru\/servisy\/opisanie-uslug-po-ohrane-truda\/","og_site_name":"Ugunsdro\u0161\u012bbas signaliz\u0101ciju\/ier\u012b\u010du apkalpo\u0161ana","article_publisher":"https:\/\/www.facebook.com\/ugunsdrosibaafss\/","article_modified_time":"2020-02-12T09:43:44+00:00","twitter_card":"summary_large_image","schema":{"@context":"https:\/\/schema.org","@graph":[{"@type":"WebPage","@id":"https:\/\/afss.lv\/ru\/servisy\/opisanie-uslug-po-ohrane-truda\/","url":"https:\/\/afss.lv\/ru\/servisy\/opisanie-uslug-po-ohrane-truda\/","name":"\u041e\u043f\u0438\u0441\u0430\u043d\u0438\u0435 \u0443\u0441\u043b\u0443\u0433 \u043f\u043e \u043e\u0445\u0440\u0430\u043d\u0435 \u0442\u0440\u0443\u0434\u0430 - Ugunsdro\u0161\u012bbas signaliz\u0101ciju\/ier\u012b\u010du apkalpo\u0161ana","isPartOf":{"@id":"https:\/\/afss.lv\/#website"},"datePublished":"2020-02-04T08:49:11+00:00","dateModified":"2020-02-12T09:43:44+00:00","breadcrumb":{"@id":"https:\/\/afss.lv\/ru\/servisy\/opisanie-uslug-po-ohrane-truda\/#breadcrumb"},"inLanguage":"ru-RU","potentialAction":[{"@type":"ReadAction","target":["https:\/\/afss.lv\/ru\/servisy\/opisanie-uslug-po-ohrane-truda\/"]}]},{"@type":"BreadcrumbList","@id":"https:\/\/afss.lv\/ru\/servisy\/opisanie-uslug-po-ohrane-truda\/#breadcrumb","itemListElement":[{"@type":"ListItem","position":1,"name":"Home","item":"https:\/\/afss.lv\/ru\/"},{"@type":"ListItem","position":2,"name":"\u0421\u0435\u0440\u0432\u0438\u0441\u044b","item":"https:\/\/afss.lv\/ru\/servisy\/"},{"@type":"ListItem","position":3,"name":"\u041e\u043f\u0438\u0441\u0430\u043d\u0438\u0435 \u0443\u0441\u043b\u0443\u0433 \u043f\u043e \u043e\u0445\u0440\u0430\u043d\u0435 \u0442\u0440\u0443\u0434\u0430"}]},{"@type":"WebSite","@id":"https:\/\/afss.lv\/#website","url":"https:\/\/afss.lv\/","name":"Ugunsdro\u0161\u012bbas signaliz\u0101ciju\/ier\u012b\u010du apkalpo\u0161ana","description":"Ugunsdz\u0113s\u012bbas sist\u0113mu apkalpo\u0161ana","publisher":{"@id":"https:\/\/afss.lv\/#organization"},"potentialAction":[{"@type":"SearchAction","target":{"@type":"EntryPoint","urlTemplate":"https:\/\/afss.lv\/?s={search_term_string}"},"query-input":"required name=search_term_string"}],"inLanguage":"ru-RU"},{"@type":"Organization","@id":"https:\/\/afss.lv\/#organization","name":"SIA \u201eAFSS\u201d","url":"https:\/\/afss.lv\/","logo":{"@type":"ImageObject","inLanguage":"ru-RU","@id":"https:\/\/afss.lv\/#\/schema\/logo\/image\/","url":"https:\/\/afss.lv\/wp-content\/uploads\/2020\/02\/logo.png","contentUrl":"https:\/\/afss.lv\/wp-content\/uploads\/2020\/02\/logo.png","width":170,"height":67,"caption":"SIA \u201eAFSS\u201d"},"image":{"@id":"https:\/\/afss.lv\/#\/schema\/logo\/image\/"},"sameAs":["https:\/\/www.facebook.com\/ugunsdrosibaafss\/"]}]}},"_links":{"self":[{"href":"https:\/\/afss.lv\/ru\/wp-json\/wp\/v2\/pages\/1323"}],"collection":[{"href":"https:\/\/afss.lv\/ru\/wp-json\/wp\/v2\/pages"}],"about":[{"href":"https:\/\/afss.lv\/ru\/wp-json\/wp\/v2\/types\/page"}],"author":[{"embeddable":true,"href":"https:\/\/afss.lv\/ru\/wp-json\/wp\/v2\/users\/2"}],"replies":[{"embeddable":true,"href":"https:\/\/afss.lv\/ru\/wp-json\/wp\/v2\/comments?post=1323"}],"version-history":[{"count":1,"href":"https:\/\/afss.lv\/ru\/wp-json\/wp\/v2\/pages\/1323\/revisions"}],"predecessor-version":[{"id":1324,"href":"https:\/\/afss.lv\/ru\/wp-json\/wp\/v2\/pages\/1323\/revisions\/1324"}],"up":[{"embeddable":true,"href":"https:\/\/afss.lv\/ru\/wp-json\/wp\/v2\/pages\/1277"}],"wp:attachment":[{"href":"https:\/\/afss.lv\/ru\/wp-json\/wp\/v2\/media?parent=1323"}],"curies":[{"name":"wp","href":"https:\/\/api.w.org\/{rel}","templated":true}]}}